{"id":7292,"date":"2023-03-23T12:43:12","date_gmt":"2023-03-23T11:43:12","guid":{"rendered":"https:\/\/nitecore.org\/blog\/?page_id=7292"},"modified":"2024-09-19T12:33:30","modified_gmt":"2024-09-19T10:33:30","slug":"condicoes-gerais","status":"publish","type":"page","link":"https:\/\/nitecore.org\/pt\/condicoes-gerais","title":{"rendered":"CONDI\u00c7\u00d5ES GERAIS"},"content":{"rendered":"<div data-elementor-type=\"wp-page\" data-elementor-id=\"7292\" class=\"elementor elementor-7292\" data-elementor-post-type=\"page\">\n\t\t\t\t\t\t<section class=\"elementor-section elementor-top-section elementor-element elementor-element-1762d74 elementor-section-boxed elementor-section-height-default elementor-section-height-default\" data-id=\"1762d74\" data-element_type=\"section\">\n\t\t\t\t\t\t<div class=\"elementor-container elementor-column-gap-default\">\n\t\t\t\t\t<div class=\"elementor-column elementor-col-100 elementor-top-column elementor-element elementor-element-33bca3d\" data-id=\"33bca3d\" data-element_type=\"column\">\n\t\t\t<div class=\"elementor-widget-wrap elementor-element-populated\">\n\t\t\t\t\t\t<div class=\"elementor-element elementor-element-fd4fe2d elementor-widget elementor-widget-heading\" data-id=\"fd4fe2d\" data-element_type=\"widget\" data-widget_type=\"heading.default\">\n\t\t\t\t<div class=\"elementor-widget-container\">\n\t\t\t\t\t<h1 class=\"elementor-heading-title elementor-size-default\">Condi\u00e7\u00f5es Gerais:<br>De compra y env\u00edo para nitecore.org<\/h1>\t\t\t\t<\/div>\n\t\t\t\t<\/div>\n\t\t\t\t<div class=\"elementor-element elementor-element-2d2695c elementor-widget elementor-widget-heading\" data-id=\"2d2695c\" data-element_type=\"widget\" data-widget_type=\"heading.default\">\n\t\t\t\t<div class=\"elementor-widget-container\">\n\t\t\t\t\t<h3 class=\"elementor-heading-title elementor-size-default\">Condi\u00e7\u00f5es de compra<\/h3>\t\t\t\t<\/div>\n\t\t\t\t<\/div>\n\t\t\t\t\t<\/div>\n\t\t<\/div>\n\t\t\t\t\t<\/div>\n\t\t<\/section>\n\t\t\t\t<section class=\"elementor-section elementor-top-section elementor-element elementor-element-0d104bc elementor-section-boxed elementor-section-height-default elementor-section-height-default\" data-id=\"0d104bc\" data-element_type=\"section\">\n\t\t\t\t\t\t<div class=\"elementor-container elementor-column-gap-default\">\n\t\t\t\t\t<div class=\"elementor-column elementor-col-100 elementor-top-column elementor-element elementor-element-90157ea\" data-id=\"90157ea\" data-element_type=\"column\">\n\t\t\t<div class=\"elementor-widget-wrap elementor-element-populated\">\n\t\t\t\t\t\t<div class=\"elementor-element elementor-element-c6b4576 elementor-widget elementor-widget-accordion\" data-id=\"c6b4576\" data-element_type=\"widget\" data-widget_type=\"accordion.default\">\n\t\t\t\t<div class=\"elementor-widget-container\">\n\t\t\t\t\t\t\t<div class=\"elementor-accordion\">\n\t\t\t\t\t\t\t<div class=\"elementor-accordion-item\">\n\t\t\t\t\t<div id=\"elementor-tab-title-2081\" class=\"elementor-tab-title\" data-tab=\"1\" role=\"button\" aria-controls=\"elementor-tab-content-2081\" aria-expanded=\"false\">\n\t\t\t\t\t\t\t\t\t\t\t\t\t<span class=\"elementor-accordion-icon elementor-accordion-icon-left\" aria-hidden=\"true\">\n\t\t\t\t\t\t\t\t\t\t\t\t\t\t\t<span class=\"elementor-accordion-icon-closed\"><i class=\"fas fa-plus\"><\/i><\/span>\n\t\t\t\t\t\t\t\t<span class=\"elementor-accordion-icon-opened\"><i class=\"fas fa-minus\"><\/i><\/span>\n\t\t\t\t\t\t\t\t\t\t\t\t\t\t<\/span>\n\t\t\t\t\t\t\t\t\t\t\t\t<a class=\"elementor-accordion-title\" tabindex=\"0\">Pre\u00e7os e disponibilidade de produtos<\/a>\n\t\t\t\t\t<\/div>\n\t\t\t\t\t<div id=\"elementor-tab-content-2081\" class=\"elementor-tab-content elementor-clearfix\" data-tab=\"1\" role=\"region\" aria-labelledby=\"elementor-tab-title-2081\"><p>Os pre\u00e7os e disponibilidade dos produtos da Web\u00a0<a href=\"https:\/\/nitecore.org\/\">nitecore.org<\/a>\u00a0\u00a0S\u00e3o v\u00e1lidos exceto enquanto durarem os estoques. Em caso de fim de stock de um produto solicitado, o cliente ser\u00e1 imediatamente avisado no prazo de 48 horas, sendo que, nesses casos, sempre que poss\u00edvel, um produto com caracter\u00edsticas e caracter\u00edsticas semelhantes ou um novo prazo de entrega ou a devolu\u00e7\u00e3o do valor pago antecipadamente se fosse o caso em no m\u00e1ximo 48 horas. Por favor, verifique a disponibilidade exata. O produto com data de entrada indicada \u00e9 sempre aproximado, podendo variar em um ou dois dias a partir da data indicada.<\/p><\/div>\n\t\t\t\t<\/div>\n\t\t\t\t\t\t\t<div class=\"elementor-accordion-item\">\n\t\t\t\t\t<div id=\"elementor-tab-title-2082\" class=\"elementor-tab-title\" data-tab=\"2\" role=\"button\" aria-controls=\"elementor-tab-content-2082\" aria-expanded=\"false\">\n\t\t\t\t\t\t\t\t\t\t\t\t\t<span class=\"elementor-accordion-icon elementor-accordion-icon-left\" aria-hidden=\"true\">\n\t\t\t\t\t\t\t\t\t\t\t\t\t\t\t<span class=\"elementor-accordion-icon-closed\"><i class=\"fas fa-plus\"><\/i><\/span>\n\t\t\t\t\t\t\t\t<span class=\"elementor-accordion-icon-opened\"><i class=\"fas fa-minus\"><\/i><\/span>\n\t\t\t\t\t\t\t\t\t\t\t\t\t\t<\/span>\n\t\t\t\t\t\t\t\t\t\t\t\t<a class=\"elementor-accordion-title\" tabindex=\"0\">Prazo de entrega e entregas com danos<\/a>\n\t\t\t\t\t<\/div>\n\t\t\t\t\t<div id=\"elementor-tab-content-2082\" class=\"elementor-tab-content elementor-clearfix\" data-tab=\"2\" role=\"region\" aria-labelledby=\"elementor-tab-title-2082\"><p>O prazo de entrega de cada artigo depender\u00e1 da sua disponibilidade e esta \u00e9 indicada na ficha do produto. O prazo de entrega tamb\u00e9m depende do m\u00e9todo de pagamento que voc\u00ea selecionar ao fazer o pedido.<\/p><p>Caso o produto chegue em condi\u00e7\u00f5es defeituosas ou deterioradas, geralmente decorrentes do transporte, o mesmo ser\u00e1 trocado pelo mesmo produto em perfeitas condi\u00e7\u00f5es sem nenhum custo adicional. Neste sentido, se nos notificar do incidente no prazo de 24 horas ap\u00f3s a rece\u00e7\u00e3o da encomenda, dever\u00e1 tamb\u00e9m anotar na nota de entrega da transportadora os danos que detetou na entrega da sua encomenda, por exemplo, embalagem h\u00famida, pacote aberto ou n\u00e3o lacrado, pacote com golpe, pl\u00e1stico aberto, etc., o seguro mediador ser\u00e1 diretamente respons\u00e1vel pelos danos causados e o gerenciamento do incidente ser\u00e1 mais curto.<\/p><div><p><strong>IMPORTANTE: N\u00e3o s\u00e3o aceites devolu\u00e7\u00f5es devido ao tipo de produto e no caso de o receber em mau estado, dever\u00e1 informar-nos no prazo de 24 horas ap\u00f3s a entrega do produto, da deteriora\u00e7\u00e3o ou quebra do envio devido a causas causadas pelo transporte atrav\u00e9s de formul\u00e1rio de contato ou e-mail dentro deste per\u00edodo e tamb\u00e9m para a empresa de transporte utilizada para a entrega. Fora deste prazo, a mediadora de seguros n\u00e3o ser\u00e1 respons\u00e1vel pelos danos por ela causados. Inspecione o produto no mesmo dia da entrega para evitar complica\u00e7\u00f5es em uma poss\u00edvel reclama\u00e7\u00e3o, O Atacadista n\u00e3o oferece nenhum tipo de garantia ap\u00f3s esse per\u00edodo de 15 dias ap\u00f3s a entrega.<\/strong><\/p><\/div><p>As informa\u00e7\u00f5es contidas em nosso site est\u00e3o restritas \u00e0 aceita\u00e7\u00e3o dos seguintes termos e condi\u00e7\u00f5es, que podem ser modificados a qualquer momento pelo operador.<\/p><p>Esta p\u00e1gina web foi concebida para fornecer informa\u00e7\u00f5es gerais sobre os nossos produtos e servi\u00e7os, e em nenhum caso pretende dar uma opini\u00e3o ou dar instru\u00e7\u00f5es sobre a utiliza\u00e7\u00e3o de defesas el\u00e9tricas ou outros produtos na web.<\/p><p>Estes termos e condi\u00e7\u00f5es regem-se pela legisla\u00e7\u00e3o do Principado de Andorra. Qualquer controv\u00e9rsia decorrente da interpreta\u00e7\u00e3o, cumprimento ou resolu\u00e7\u00e3o deste contrato ser\u00e1 submetida \u00e0 jurisdi\u00e7\u00e3o e compet\u00eancia dos Tribunais do Principado de Andorra.<\/p><div><p><strong>Transportes: Transportes inclu\u00eddos na Pen\u00ednsula e Portugal, para particulares, a empresa de transportes liga-lhe da ag\u00eancia mais pr\u00f3xima de casa para que se desloque \u00e0 procura do seu produto. Para empresas, a entrega em domic\u00edlio pode ser solicitada.<\/strong><\/p><\/div><\/div>\n\t\t\t\t<\/div>\n\t\t\t\t\t\t\t<div class=\"elementor-accordion-item\">\n\t\t\t\t\t<div id=\"elementor-tab-title-2083\" class=\"elementor-tab-title\" data-tab=\"3\" role=\"button\" aria-controls=\"elementor-tab-content-2083\" aria-expanded=\"false\">\n\t\t\t\t\t\t\t\t\t\t\t\t\t<span class=\"elementor-accordion-icon elementor-accordion-icon-left\" aria-hidden=\"true\">\n\t\t\t\t\t\t\t\t\t\t\t\t\t\t\t<span class=\"elementor-accordion-icon-closed\"><i class=\"fas fa-plus\"><\/i><\/span>\n\t\t\t\t\t\t\t\t<span class=\"elementor-accordion-icon-opened\"><i class=\"fas fa-minus\"><\/i><\/span>\n\t\t\t\t\t\t\t\t\t\t\t\t\t\t<\/span>\n\t\t\t\t\t\t\t\t\t\t\t\t<a class=\"elementor-accordion-title\" tabindex=\"0\">impostos<\/a>\n\t\t\t\t\t<\/div>\n\t\t\t\t\t<div id=\"elementor-tab-content-2083\" class=\"elementor-tab-content elementor-clearfix\" data-tab=\"3\" role=\"region\" aria-labelledby=\"elementor-tab-title-2083\"><div id=\"information-information\" class=\"container\"><div class=\"row\"><div id=\"content\" class=\"col-sm-12\"><div class=\"content\"><div class=\"page-content\"><div><p>Os pre\u00e7os apresentados em\u00a0<a href=\"https:\/\/nitecore.org\/\">nitecore.org<\/a>\u00a0\u00a0Eles s\u00e3o l\u00edquidos e incluem o IGI 4.5%.<\/p><\/div><p>Em cumprimento da Lei 15\/2003, de 18 de Dezembro, qualificada para a protec\u00e7\u00e3o de dados pessoais, informamos que os seus dados pessoais e toda a informa\u00e7\u00e3o fornecida ser\u00e3o incorporados num ficheiro, da responsabilidade da Defensas El\u00e9ctricas sem preju\u00edzo de poder exercer os direitos de acesso, retifica\u00e7\u00e3o, cancelamento ou oposi\u00e7\u00e3o no tratamento dos mesmos nos termos e condi\u00e7\u00f5es previstos na legisla\u00e7\u00e3o de prote\u00e7\u00e3o de dados em vigor a cada momento por correio eletr\u00f3nico dirigido a\u00a0<a href=\"https:\/\/nitecore.org\/contactanos\/\">formul\u00e1rio de contato<\/a>. Os dados ser\u00e3o utilizados para informar e comunicar diversas a\u00e7\u00f5es comerciais e ser\u00e3o tratados com a m\u00e1xima confidencialidade, sendo o \u00fanico e exclusivo destinat\u00e1rio dos mesmos.<\/p><p>A estos efectos, el cliente mujer su consentimiento expreso para la cesi\u00f3n de sus datos personales cuando esto sea necesario por la mejor prestaci\u00f3n del servicio contratado, siempre y cuando \u00fanicamente se cedan sus datos imprescindibles por esta finalidad. Este consentimiento podr\u00e1 ser revocado en cualquier momento por medio de comunicaci\u00f3n fehaciente a nitecore.org al <a href=\"https:\/\/nitecore.org\/contacto\/\">formul\u00e1rio de contato<\/a><\/p><\/div><\/div><\/div><\/div><\/div><\/div>\n\t\t\t\t<\/div>\n\t\t\t\t\t\t\t\t<\/div>\n\t\t\t\t\t\t<\/div>\n\t\t\t\t<\/div>\n\t\t\t\t\t<\/div>\n\t\t<\/div>\n\t\t\t\t\t<\/div>\n\t\t<\/section>\n\t\t\t\t<\/div>","protected":false},"excerpt":{"rendered":"<p>Condiciones generales:De compra y env\u00edo para nitecore.org Condiciones de Compra Precios y disponibilidad de productos Los precios y la disponibilidad de los productos de la Web\u00a0nitecore.org\u00a0\u00a0son v\u00e1lidos salvo fin de existencias. En caso de finalizar las existencias de un producto solicitado, se comunicar\u00e1 al cliente inmediatamente en un plazo de 48h en aquellos casos que [&hellip;]<\/p>","protected":false},"author":1,"featured_media":0,"parent":0,"menu_order":0,"comment_status":"closed","ping_status":"closed","template":"elementor_header_footer","meta":{"site-sidebar-layout":"default","site-content-layout":"","ast-site-content-layout":"default","site-content-style":"default","site-sidebar-style":"default","ast-global-header-display":"","ast-banner-title-visibility":"","ast-main-header-display":"","ast-hfb-above-header-display":"","ast-hfb-below-header-display":"","ast-hfb-mobile-header-display":"","site-post-title":"","ast-breadcrumbs-content":"","ast-featured-img":"","footer-sml-layout":"","ast-disable-related-posts":"","theme-transparent-header-meta":"default","adv-header-id-meta":"","stick-header-meta":"default","header-above-stick-meta":"","header-main-stick-meta":"","header-below-stick-meta":"","astra-migrate-meta-layouts":"set","ast-page-background-enabled":"default","ast-page-background-meta":{"desktop":{"background-color":"var(--ast-global-color-4)","background-image":"","background-repeat":"repeat","background-position":"center center","background-size":"auto","background-attachment":"scroll","background-type":"","background-media":"","overlay-type":"","overlay-color":"","overlay-opacity":"","overlay-gradient":""},"tablet":{"background-color":"","background-image":"","background-repeat":"repeat","background-position":"center center","background-size":"auto","background-attachment":"scroll","background-type":"","background-media":"","overlay-type":"","overlay-color":"","overlay-opacity":"","overlay-gradient":""},"mobile":{"background-color":"","background-image":"","background-repeat":"repeat","background-position":"center center","background-size":"auto","background-attachment":"scroll","background-type":"","background-media":"","overlay-type":"","overlay-color":"","overlay-opacity":"","overlay-gradient":""}},"ast-content-background-meta":{"desktop":{"background-color":"var(--ast-global-color-5)","background-image":"","background-repeat":"repeat","background-position":"center center","background-size":"auto","background-attachment":"scroll","background-type":"","background-media":"","overlay-type":"","overlay-color":"","overlay-opacity":"","overlay-gradient":""},"tablet":{"background-color":"var(--ast-global-color-5)","background-image":"","background-repeat":"repeat","background-position":"center center","background-size":"auto","background-attachment":"scroll","background-type":"","background-media":"","overlay-type":"","overlay-color":"","overlay-opacity":"","overlay-gradient":""},"mobile":{"background-color":"var(--ast-global-color-5)","background-image":"","background-repeat":"repeat","background-position":"center center","background-size":"auto","background-attachment":"scroll","background-type":"","background-media":"","overlay-type":"","overlay-color":"","overlay-opacity":"","overlay-gradient":""}},"footnotes":""},"class_list":["post-7292","page","type-page","status-publish","hentry"],"acf":[],"_links":{"self":[{"href":"https:\/\/nitecore.org\/pt\/wp-json\/wp\/v2\/pages\/7292","targetHints":{"allow":["GET"]}}],"collection":[{"href":"https:\/\/nitecore.org\/pt\/wp-json\/wp\/v2\/pages"}],"about":[{"href":"https:\/\/nitecore.org\/pt\/wp-json\/wp\/v2\/types\/page"}],"author":[{"embeddable":true,"href":"https:\/\/nitecore.org\/pt\/wp-json\/wp\/v2\/users\/1"}],"replies":[{"embeddable":true,"href":"https:\/\/nitecore.org\/pt\/wp-json\/wp\/v2\/comments?post=7292"}],"version-history":[{"count":0,"href":"https:\/\/nitecore.org\/pt\/wp-json\/wp\/v2\/pages\/7292\/revisions"}],"wp:attachment":[{"href":"https:\/\/nitecore.org\/pt\/wp-json\/wp\/v2\/media?parent=7292"}],"curies":[{"name":"wp","href":"https:\/\/api.w.org\/{rel}","templated":true}]}}