{"id":5996,"date":"2023-03-22T11:53:21","date_gmt":"2023-03-22T10:53:21","guid":{"rendered":"https:\/\/nitecore.org\/blog\/?page_id=5996"},"modified":"2024-09-23T12:45:07","modified_gmt":"2024-09-23T10:45:07","slug":"condicoes-de-venda-nou","status":"publish","type":"page","link":"https:\/\/nitecore.org\/pt\/condiciones-de-venta","title":{"rendered":"CONDI\u00c7\u00d5ES DE VENDA"},"content":{"rendered":"<div data-elementor-type=\"wp-page\" data-elementor-id=\"5996\" class=\"elementor elementor-5996\" data-elementor-post-type=\"page\">\n\t\t\t\t\t\t<section class=\"elementor-section elementor-top-section elementor-element elementor-element-53bacef elementor-section-boxed elementor-section-height-default elementor-section-height-default\" data-id=\"53bacef\" data-element_type=\"section\">\n\t\t\t\t\t\t<div class=\"elementor-container elementor-column-gap-default\">\n\t\t\t\t\t<div class=\"elementor-column elementor-col-100 elementor-top-column elementor-element elementor-element-b416cb9\" data-id=\"b416cb9\" data-element_type=\"column\">\n\t\t\t<div class=\"elementor-widget-wrap elementor-element-populated\">\n\t\t\t\t\t\t<div class=\"elementor-element elementor-element-76a510b elementor-widget elementor-widget-heading\" data-id=\"76a510b\" data-element_type=\"widget\" data-widget_type=\"heading.default\">\n\t\t\t\t<div class=\"elementor-widget-container\">\n\t\t\t\t\t<h1 class=\"elementor-heading-title elementor-size-default\">CONDI\u00c7\u00d5ES DE VENDA\n<\/h1>\t\t\t\t<\/div>\n\t\t\t\t<\/div>\n\t\t\t\t<div class=\"elementor-element elementor-element-b7c2b98 elementor-widget elementor-widget-text-editor\" data-id=\"b7c2b98\" data-element_type=\"widget\" data-widget_type=\"text-editor.default\">\n\t\t\t\t<div class=\"elementor-widget-container\">\n\t\t\t\t\t\t\t\t\t<p>Condi\u00e7\u00f5es gerais de venda de\u00a0<b>nitecore.org<\/b><\/p><p>A interpreta\u00e7\u00e3o e execu\u00e7\u00e3o das condi\u00e7\u00f5es, bem como todos os atos que delas resultem, estar\u00e3o sujeitos \u00e0 lei do Principado de Andorra.<\/p>\t\t\t\t\t\t\t\t<\/div>\n\t\t\t\t<\/div>\n\t\t\t\t\t<\/div>\n\t\t<\/div>\n\t\t\t\t\t<\/div>\n\t\t<\/section>\n\t\t\t\t<section class=\"elementor-section elementor-top-section elementor-element elementor-element-5e8f9df elementor-section-boxed elementor-section-height-default elementor-section-height-default\" data-id=\"5e8f9df\" data-element_type=\"section\">\n\t\t\t\t\t\t<div class=\"elementor-container elementor-column-gap-default\">\n\t\t\t\t\t<div class=\"elementor-column elementor-col-100 elementor-top-column elementor-element elementor-element-a00ac5d\" data-id=\"a00ac5d\" data-element_type=\"column\">\n\t\t\t<div class=\"elementor-widget-wrap elementor-element-populated\">\n\t\t\t\t\t\t<div class=\"elementor-element elementor-element-6450f02 elementor-widget elementor-widget-accordion\" data-id=\"6450f02\" data-element_type=\"widget\" data-widget_type=\"accordion.default\">\n\t\t\t\t<div class=\"elementor-widget-container\">\n\t\t\t\t\t\t\t<div class=\"elementor-accordion\">\n\t\t\t\t\t\t\t<div class=\"elementor-accordion-item\">\n\t\t\t\t\t<div id=\"elementor-tab-title-1051\" class=\"elementor-tab-title\" data-tab=\"1\" role=\"button\" aria-controls=\"elementor-tab-content-1051\" aria-expanded=\"false\">\n\t\t\t\t\t\t\t\t\t\t\t\t\t<span class=\"elementor-accordion-icon elementor-accordion-icon-left\" aria-hidden=\"true\">\n\t\t\t\t\t\t\t\t\t\t\t\t\t\t\t<span class=\"elementor-accordion-icon-closed\"><i class=\"fas fa-plus\"><\/i><\/span>\n\t\t\t\t\t\t\t\t<span class=\"elementor-accordion-icon-opened\"><i class=\"fas fa-minus\"><\/i><\/span>\n\t\t\t\t\t\t\t\t\t\t\t\t\t\t<\/span>\n\t\t\t\t\t\t\t\t\t\t\t\t<a class=\"elementor-accordion-title\" tabindex=\"0\">1. GERAL:<\/a>\n\t\t\t\t\t<\/div>\n\t\t\t\t\t<div id=\"elementor-tab-content-1051\" class=\"elementor-tab-content elementor-clearfix\" data-tab=\"1\" role=\"region\" aria-labelledby=\"elementor-tab-title-1051\"><p>Estas condi\u00e7\u00f5es gerais de venda aplicam-se estritamente a todas as vendas de produtos realizadas atrav\u00e9s da Internet.<\/p><p>Todos os pedidos feitos para <b>nitecore.org<\/b> implica necessariamente, como condi\u00e7\u00e3o essencial, decisiva e essencial, a aceita\u00e7\u00e3o sem reservas pelo Cliente das Condi\u00e7\u00f5es Gerais de Venda de <b>nitecore.org<\/b><b>\u00a0<\/b>v\u00e1lido no dia em que o pedido correspondente \u00e9 feito. Adicionalmente, o Cliente reconhece que a aceita\u00e7\u00e3o das presentes condi\u00e7\u00f5es implicar\u00e1 a sua aplica\u00e7\u00e3o \u00e0 encomenda a que se referem, bem como a qualquer encomenda posterior, com exce\u00e7\u00e3o dos casos em que novas condi\u00e7\u00f5es lhe sejam comunicadas por <b>nitecore.org<\/b>. O fato de que <b>nitecore.org<\/b>\u00a0N\u00e3o recorrer em determinado momento a nenhuma destas condi\u00e7\u00f5es n\u00e3o pode ser interpretado nem ser\u00e1 o mesmo que renunciar a recorrer a elas no futuro ou no passado.<\/p><p>Lei aplic\u00e1vel e jurisdi\u00e7\u00e3o competente.<\/p><\/div>\n\t\t\t\t<\/div>\n\t\t\t\t\t\t\t<div class=\"elementor-accordion-item\">\n\t\t\t\t\t<div id=\"elementor-tab-title-1052\" class=\"elementor-tab-title\" data-tab=\"2\" role=\"button\" aria-controls=\"elementor-tab-content-1052\" aria-expanded=\"false\">\n\t\t\t\t\t\t\t\t\t\t\t\t\t<span class=\"elementor-accordion-icon elementor-accordion-icon-left\" aria-hidden=\"true\">\n\t\t\t\t\t\t\t\t\t\t\t\t\t\t\t<span class=\"elementor-accordion-icon-closed\"><i class=\"fas fa-plus\"><\/i><\/span>\n\t\t\t\t\t\t\t\t<span class=\"elementor-accordion-icon-opened\"><i class=\"fas fa-minus\"><\/i><\/span>\n\t\t\t\t\t\t\t\t\t\t\t\t\t\t<\/span>\n\t\t\t\t\t\t\t\t\t\t\t\t<a class=\"elementor-accordion-title\" tabindex=\"0\">2. PRE\u00c7OS:<\/a>\n\t\t\t\t\t<\/div>\n\t\t\t\t\t<div id=\"elementor-tab-content-1052\" class=\"elementor-tab-content elementor-clearfix\" data-tab=\"2\" role=\"region\" aria-labelledby=\"elementor-tab-title-1052\"><p>Os pre\u00e7os publicados em <b>nitecore.org<\/b> Eles est\u00e3o em euros e s\u00e3o atuais, exceto por erros tipogr\u00e1ficos. Todos os pre\u00e7os incluem o Imposto Indirecto aplic\u00e1vel no dia da encomenda, qualquer altera\u00e7\u00e3o na taxa do Imposto Indirecto ser\u00e1 automaticamente aplicada aos pre\u00e7os dos produtos \u00e0 venda na <b>nitecore.org<\/b>.<\/p><\/div>\n\t\t\t\t<\/div>\n\t\t\t\t\t\t\t<div class=\"elementor-accordion-item\">\n\t\t\t\t\t<div id=\"elementor-tab-title-1053\" class=\"elementor-tab-title\" data-tab=\"3\" role=\"button\" aria-controls=\"elementor-tab-content-1053\" aria-expanded=\"false\">\n\t\t\t\t\t\t\t\t\t\t\t\t\t<span class=\"elementor-accordion-icon elementor-accordion-icon-left\" aria-hidden=\"true\">\n\t\t\t\t\t\t\t\t\t\t\t\t\t\t\t<span class=\"elementor-accordion-icon-closed\"><i class=\"fas fa-plus\"><\/i><\/span>\n\t\t\t\t\t\t\t\t<span class=\"elementor-accordion-icon-opened\"><i class=\"fas fa-minus\"><\/i><\/span>\n\t\t\t\t\t\t\t\t\t\t\t\t\t\t<\/span>\n\t\t\t\t\t\t\t\t\t\t\t\t<a class=\"elementor-accordion-title\" tabindex=\"0\">3. DIFERENTES FORMAS DE PAGAMENTO:<\/a>\n\t\t\t\t\t<\/div>\n\t\t\t\t\t<div id=\"elementor-tab-content-1053\" class=\"elementor-tab-content elementor-clearfix\" data-tab=\"3\" role=\"region\" aria-labelledby=\"elementor-tab-title-1053\"><p>Ao formular o pedido, o cliente pode escolher livremente pagar as compras que fizer em <b>nitecore.org<\/b><b>\u00a0<\/b>atrav\u00e9s:<\/p><p>Cart\u00e3o de cr\u00e9dito<\/p><p>dinheiro na entrega<\/p><\/div>\n\t\t\t\t<\/div>\n\t\t\t\t\t\t\t<div class=\"elementor-accordion-item\">\n\t\t\t\t\t<div id=\"elementor-tab-title-1054\" class=\"elementor-tab-title\" data-tab=\"4\" role=\"button\" aria-controls=\"elementor-tab-content-1054\" aria-expanded=\"false\">\n\t\t\t\t\t\t\t\t\t\t\t\t\t<span class=\"elementor-accordion-icon elementor-accordion-icon-left\" aria-hidden=\"true\">\n\t\t\t\t\t\t\t\t\t\t\t\t\t\t\t<span class=\"elementor-accordion-icon-closed\"><i class=\"fas fa-plus\"><\/i><\/span>\n\t\t\t\t\t\t\t\t<span class=\"elementor-accordion-icon-opened\"><i class=\"fas fa-minus\"><\/i><\/span>\n\t\t\t\t\t\t\t\t\t\t\t\t\t\t<\/span>\n\t\t\t\t\t\t\t\t\t\t\t\t<a class=\"elementor-accordion-title\" tabindex=\"0\">4. PRODUTO:<\/a>\n\t\t\t\t\t<\/div>\n\t\t\t\t\t<div id=\"elementor-tab-content-1054\" class=\"elementor-tab-content elementor-clearfix\" data-tab=\"4\" role=\"region\" aria-labelledby=\"elementor-tab-title-1054\"><p>As ofertas apresentadas por <b>nitecore.org<\/b> Eles s\u00e3o v\u00e1lidos dentro do limite dos estoques dispon\u00edveis. <b>nitecore.org<\/b>\u00a0reserva-se o direito de modificar o sortido de produtos em fun\u00e7\u00e3o das dificuldades impostas pelos seus fornecedores. Da mesma forma, voc\u00ea tem o poder de trocar qualquer produto que n\u00e3o tenha em estoque, por outro substituto da mesma qualidade e sem que isso implique aumento de pre\u00e7o.<\/p><p>Las fotograf\u00edas, grafismos y las descripciones de los productos propuestos a la venta solo son orientativos y no comprometen de ninguna manera al vendedor <b>nitecore.org<\/b>.<\/p><\/div>\n\t\t\t\t<\/div>\n\t\t\t\t\t\t\t<div class=\"elementor-accordion-item\">\n\t\t\t\t\t<div id=\"elementor-tab-title-1055\" class=\"elementor-tab-title\" data-tab=\"5\" role=\"button\" aria-controls=\"elementor-tab-content-1055\" aria-expanded=\"false\">\n\t\t\t\t\t\t\t\t\t\t\t\t\t<span class=\"elementor-accordion-icon elementor-accordion-icon-left\" aria-hidden=\"true\">\n\t\t\t\t\t\t\t\t\t\t\t\t\t\t\t<span class=\"elementor-accordion-icon-closed\"><i class=\"fas fa-plus\"><\/i><\/span>\n\t\t\t\t\t\t\t\t<span class=\"elementor-accordion-icon-opened\"><i class=\"fas fa-minus\"><\/i><\/span>\n\t\t\t\t\t\t\t\t\t\t\t\t\t\t<\/span>\n\t\t\t\t\t\t\t\t\t\t\t\t<a class=\"elementor-accordion-title\" tabindex=\"0\">5. ENVIOS:<\/a>\n\t\t\t\t\t<\/div>\n\t\t\t\t\t<div id=\"elementor-tab-content-1055\" class=\"elementor-tab-content elementor-clearfix\" data-tab=\"5\" role=\"region\" aria-labelledby=\"elementor-tab-title-1055\"><p>Os produtos adquiridos ser\u00e3o entregues \u00e0 pessoa e na morada indicada na encomenda.<\/p><p>Por padr\u00e3o, as entregas pr\u00f3-forma ser\u00e3o enviadas para o endere\u00e7o de e-mail indicado pelo cliente no momento do registro em <b>nitecore.org<\/b>.<\/p><p>Aos s\u00e1bados, domingos e feriados n\u00e3o haver\u00e1 sa\u00edda e nem entrega de pedidos.<\/p><p>No entanto, o seu atraso n\u00e3o implicar\u00e1 a anula\u00e7\u00e3o da encomenda nem qualquer indemniza\u00e7\u00e3o.<\/p><p>Um pedido \u00e9 considerado entregue no momento em que a transportadora entrega o pacote ou pacotes ao cliente e o cliente assina o documento de recebimento de entrega. Cabe ao cliente verificar o estado da mercadoria aquando da rece\u00e7\u00e3o e indicar todas as anomalias no tal\u00e3o de entrega.<\/p><\/div>\n\t\t\t\t<\/div>\n\t\t\t\t\t\t\t<div class=\"elementor-accordion-item\">\n\t\t\t\t\t<div id=\"elementor-tab-title-1056\" class=\"elementor-tab-title\" data-tab=\"6\" role=\"button\" aria-controls=\"elementor-tab-content-1056\" aria-expanded=\"false\">\n\t\t\t\t\t\t\t\t\t\t\t\t\t<span class=\"elementor-accordion-icon elementor-accordion-icon-left\" aria-hidden=\"true\">\n\t\t\t\t\t\t\t\t\t\t\t\t\t\t\t<span class=\"elementor-accordion-icon-closed\"><i class=\"fas fa-plus\"><\/i><\/span>\n\t\t\t\t\t\t\t\t<span class=\"elementor-accordion-icon-opened\"><i class=\"fas fa-minus\"><\/i><\/span>\n\t\t\t\t\t\t\t\t\t\t\t\t\t\t<\/span>\n\t\t\t\t\t\t\t\t\t\t\t\t<a class=\"elementor-accordion-title\" tabindex=\"0\">6. POL\u00cdTICAS DE DEVOLU\u00c7\u00c3O E CANCELAMENTO:<\/a>\n\t\t\t\t\t<\/div>\n\t\t\t\t\t<div id=\"elementor-tab-content-1056\" class=\"elementor-tab-content elementor-clearfix\" data-tab=\"6\" role=\"region\" aria-labelledby=\"elementor-tab-title-1056\"><p>Existe um servi\u00e7o p\u00f3s-venda para resolver os problemas relacionados aos produtos e remessas. Os clientes podem entrar em contato escrevendo para o endere\u00e7o de e-mail <b>nitecore<\/b><b>@<\/b><strong>gmail.com<\/strong><\/p><\/div>\n\t\t\t\t<\/div>\n\t\t\t\t\t\t\t<div class=\"elementor-accordion-item\">\n\t\t\t\t\t<div id=\"elementor-tab-title-1057\" class=\"elementor-tab-title\" data-tab=\"7\" role=\"button\" aria-controls=\"elementor-tab-content-1057\" aria-expanded=\"false\">\n\t\t\t\t\t\t\t\t\t\t\t\t\t<span class=\"elementor-accordion-icon elementor-accordion-icon-left\" aria-hidden=\"true\">\n\t\t\t\t\t\t\t\t\t\t\t\t\t\t\t<span class=\"elementor-accordion-icon-closed\"><i class=\"fas fa-plus\"><\/i><\/span>\n\t\t\t\t\t\t\t\t<span class=\"elementor-accordion-icon-opened\"><i class=\"fas fa-minus\"><\/i><\/span>\n\t\t\t\t\t\t\t\t\t\t\t\t\t\t<\/span>\n\t\t\t\t\t\t\t\t\t\t\t\t<a class=\"elementor-accordion-title\" tabindex=\"0\">6.1 Devolu\u00e7\u00e3o da mercadoria:<\/a>\n\t\t\t\t\t<\/div>\n\t\t\t\t\t<div id=\"elementor-tab-content-1057\" class=\"elementor-tab-content elementor-clearfix\" data-tab=\"7\" role=\"region\" aria-labelledby=\"elementor-tab-title-1057\"><p><b>IMPORTANTE:<\/b> N\u00e3o s\u00e3o aceites devolu\u00e7\u00f5es devido ao tipo de produto, e em <b>o caso de receb\u00ea-lo em m\u00e1s condi\u00e7\u00f5es<\/b>, voc\u00ea deve nos informar dentro <b>em at\u00e9 24 horas ap\u00f3s a entrega do produto<\/b>, da deteriora\u00e7\u00e3o, ou quebra da remessa devido a causas originadas pelo transporte atrav\u00e9s do formul\u00e1rio de contato ou e-mail dentro deste per\u00edodo e tamb\u00e9m \u00e0 empresa de transporte utilizada para a entrega. Fora deste prazo, a mediadora de seguros n\u00e3o ser\u00e1 respons\u00e1vel pelos danos por ela causados. n\u00f3s imploramos <b>inspecionar o produto no mesmo dia da entrega<\/b> para evitar complicaciones en una posible reclamaci\u00f3n.<br \/>En el caso de su uso, El Mayorista vs Fabricante <b>n\u00e3o oferece qualquer tipo de garantia ap\u00f3s o per\u00edodo de 15 dias<\/b> depois da entrega.<\/p><p>Qualquer item comprado em <b>nitecore.org<\/b>, deve ser devolvido em sua embalagem original, lacrado, em perfeitas condi\u00e7\u00f5es e com c\u00f3pia da nota fiscal de entrega para que a devolu\u00e7\u00e3o seja aceita.<\/p><p>Antes de realizar la devoluci\u00f3n del producto, el cliente tendr\u00e1 que comunicarlo al departamento de Atenci\u00f3n al cliente de <b>nitecore<\/b>.<\/p><p>Uma vez recebido o produto em Andorra, ser\u00e1 entregue ao Departamento de Qualidade para analisar o estado do produto e o tipo de manipula\u00e7\u00e3o que teve por parte do cliente antes de qualquer tipo de Devolu\u00e7\u00e3o.<\/p><p>Se a causa da devolu\u00e7\u00e3o foi que o item devolvido est\u00e1 com defeito ou n\u00e3o corresponde ao que foi solicitado no pedido, <b>nitecore.org<\/b>\u00a0Voc\u00ea arcar\u00e1 com os custos da devolu\u00e7\u00e3o e novo envio. Se o motivo da devolu\u00e7\u00e3o for que voc\u00ea n\u00e3o est\u00e1 satisfeito com o pedido, reembolsaremos o valor, mas n\u00e3o os custos de envio ou devolu\u00e7\u00e3o.<\/p><\/div>\n\t\t\t\t<\/div>\n\t\t\t\t\t\t\t<div class=\"elementor-accordion-item\">\n\t\t\t\t\t<div id=\"elementor-tab-title-1058\" class=\"elementor-tab-title\" data-tab=\"8\" role=\"button\" aria-controls=\"elementor-tab-content-1058\" aria-expanded=\"false\">\n\t\t\t\t\t\t\t\t\t\t\t\t\t<span class=\"elementor-accordion-icon elementor-accordion-icon-left\" aria-hidden=\"true\">\n\t\t\t\t\t\t\t\t\t\t\t\t\t\t\t<span class=\"elementor-accordion-icon-closed\"><i class=\"fas fa-plus\"><\/i><\/span>\n\t\t\t\t\t\t\t\t<span class=\"elementor-accordion-icon-opened\"><i class=\"fas fa-minus\"><\/i><\/span>\n\t\t\t\t\t\t\t\t\t\t\t\t\t\t<\/span>\n\t\t\t\t\t\t\t\t\t\t\t\t<a class=\"elementor-accordion-title\" tabindex=\"0\">6.2 Cancelamento do pedido:<\/a>\n\t\t\t\t\t<\/div>\n\t\t\t\t\t<div id=\"elementor-tab-content-1058\" class=\"elementor-tab-content elementor-clearfix\" data-tab=\"8\" role=\"region\" aria-labelledby=\"elementor-tab-title-1058\"><p>Se o cancelamento do pedido ocorrer antes da sa\u00edda da mercadoria, o cliente n\u00e3o ter\u00e1 nenhuma despesa, exceto os juros causados pelo banco de 1,5%. No caso de cancelamento ap\u00f3s a sa\u00edda da encomenda, o cliente ser\u00e1 respons\u00e1vel pela totalidade dos custos de envio, bem como pelos custos de devolu\u00e7\u00e3o desta mesma encomenda.<\/p><\/div>\n\t\t\t\t<\/div>\n\t\t\t\t\t\t\t<div class=\"elementor-accordion-item\">\n\t\t\t\t\t<div id=\"elementor-tab-title-1059\" class=\"elementor-tab-title\" data-tab=\"9\" role=\"button\" aria-controls=\"elementor-tab-content-1059\" aria-expanded=\"false\">\n\t\t\t\t\t\t\t\t\t\t\t\t\t<span class=\"elementor-accordion-icon elementor-accordion-icon-left\" aria-hidden=\"true\">\n\t\t\t\t\t\t\t\t\t\t\t\t\t\t\t<span class=\"elementor-accordion-icon-closed\"><i class=\"fas fa-plus\"><\/i><\/span>\n\t\t\t\t\t\t\t\t<span class=\"elementor-accordion-icon-opened\"><i class=\"fas fa-minus\"><\/i><\/span>\n\t\t\t\t\t\t\t\t\t\t\t\t\t\t<\/span>\n\t\t\t\t\t\t\t\t\t\t\t\t<a class=\"elementor-accordion-title\" tabindex=\"0\">7. Os termos e condi\u00e7\u00f5es<\/a>\n\t\t\t\t\t<\/div>\n\t\t\t\t\t<div id=\"elementor-tab-content-1059\" class=\"elementor-tab-content elementor-clearfix\" data-tab=\"9\" role=\"region\" aria-labelledby=\"elementor-tab-title-1059\"><p>Os termos e condi\u00e7\u00f5es de uso deste site est\u00e3o sujeitos \u00e0 jurisdi\u00e7\u00e3o dos tribunais do Principado de Andorra.<\/p><\/div>\n\t\t\t\t<\/div>\n\t\t\t\t\t\t\t\t<\/div>\n\t\t\t\t\t\t<\/div>\n\t\t\t\t<\/div>\n\t\t\t\t\t<\/div>\n\t\t<\/div>\n\t\t\t\t\t<\/div>\n\t\t<\/section>\n\t\t\t\t<\/div>","protected":false},"excerpt":{"rendered":"<p>CONDICIONES DE VENTA Condiciones generales de venta de\u00a0nitecore.org La interpretaci\u00f3n y la ejecuci\u00f3n de las condiciones, as\u00ed como todos los actos que se sean consecuencia de ellas, quedar\u00e1n sometidos al derecho de la leyes del Principado de Andorra. 1. GENERALES: Las presentes condiciones generales de venta se aplican estrictamente a todas las ventas de productos [&hellip;]<\/p>","protected":false},"author":1,"featured_media":0,"parent":0,"menu_order":0,"comment_status":"closed","ping_status":"closed","template":"elementor_header_footer","meta":{"site-sidebar-layout":"default","site-content-layout":"","ast-site-content-layout":"default","site-content-style":"default","site-sidebar-style":"default","ast-global-header-display":"","ast-banner-title-visibility":"","ast-main-header-display":"","ast-hfb-above-header-display":"","ast-hfb-below-header-display":"","ast-hfb-mobile-header-display":"","site-post-title":"","ast-breadcrumbs-content":"","ast-featured-img":"","footer-sml-layout":"","ast-disable-related-posts":"","theme-transparent-header-meta":"default","adv-header-id-meta":"","stick-header-meta":"default","header-above-stick-meta":"","header-main-stick-meta":"","header-below-stick-meta":"","astra-migrate-meta-layouts":"set","ast-page-background-enabled":"default","ast-page-background-meta":{"desktop":{"background-color":"var(--ast-global-color-4)","background-image":"","background-repeat":"repeat","background-position":"center center","background-size":"auto","background-attachment":"scroll","background-type":"","background-media":"","overlay-type":"","overlay-color":"","overlay-opacity":"","overlay-gradient":""},"tablet":{"background-color":"","background-image":"","background-repeat":"repeat","background-position":"center center","background-size":"auto","background-attachment":"scroll","background-type":"","background-media":"","overlay-type":"","overlay-color":"","overlay-opacity":"","overlay-gradient":""},"mobile":{"background-color":"","background-image":"","background-repeat":"repeat","background-position":"center center","background-size":"auto","background-attachment":"scroll","background-type":"","background-media":"","overlay-type":"","overlay-color":"","overlay-opacity":"","overlay-gradient":""}},"ast-content-background-meta":{"desktop":{"background-color":"var(--ast-global-color-5)","background-image":"","background-repeat":"repeat","background-position":"center center","background-size":"auto","background-attachment":"scroll","background-type":"","background-media":"","overlay-type":"","overlay-color":"","overlay-opacity":"","overlay-gradient":""},"tablet":{"background-color":"var(--ast-global-color-5)","background-image":"","background-repeat":"repeat","background-position":"center center","background-size":"auto","background-attachment":"scroll","background-type":"","background-media":"","overlay-type":"","overlay-color":"","overlay-opacity":"","overlay-gradient":""},"mobile":{"background-color":"var(--ast-global-color-5)","background-image":"","background-repeat":"repeat","background-position":"center center","background-size":"auto","background-attachment":"scroll","background-type":"","background-media":"","overlay-type":"","overlay-color":"","overlay-opacity":"","overlay-gradient":""}},"footnotes":""},"class_list":["post-5996","page","type-page","status-publish","hentry"],"acf":[],"_links":{"self":[{"href":"https:\/\/nitecore.org\/pt\/wp-json\/wp\/v2\/pages\/5996","targetHints":{"allow":["GET"]}}],"collection":[{"href":"https:\/\/nitecore.org\/pt\/wp-json\/wp\/v2\/pages"}],"about":[{"href":"https:\/\/nitecore.org\/pt\/wp-json\/wp\/v2\/types\/page"}],"author":[{"embeddable":true,"href":"https:\/\/nitecore.org\/pt\/wp-json\/wp\/v2\/users\/1"}],"replies":[{"embeddable":true,"href":"https:\/\/nitecore.org\/pt\/wp-json\/wp\/v2\/comments?post=5996"}],"version-history":[{"count":0,"href":"https:\/\/nitecore.org\/pt\/wp-json\/wp\/v2\/pages\/5996\/revisions"}],"wp:attachment":[{"href":"https:\/\/nitecore.org\/pt\/wp-json\/wp\/v2\/media?parent=5996"}],"curies":[{"name":"wp","href":"https:\/\/api.w.org\/{rel}","templated":true}]}}