{"id":7292,"date":"2023-03-23T12:43:12","date_gmt":"2023-03-23T11:43:12","guid":{"rendered":"https:\/\/nitecore.org\/blog\/?page_id=7292"},"modified":"2024-09-19T12:33:30","modified_gmt":"2024-09-19T10:33:30","slug":"conditions-generales","status":"publish","type":"page","link":"https:\/\/nitecore.org\/fr\/conditions-generales","title":{"rendered":"CONDITIONS G\u00c9N\u00c9RALES"},"content":{"rendered":"<div data-elementor-type=\"wp-page\" data-elementor-id=\"7292\" class=\"elementor elementor-7292\" data-elementor-post-type=\"page\">\n\t\t\t\t\t\t<section class=\"elementor-section elementor-top-section elementor-element elementor-element-1762d74 elementor-section-boxed elementor-section-height-default elementor-section-height-default\" data-id=\"1762d74\" data-element_type=\"section\">\n\t\t\t\t\t\t<div class=\"elementor-container elementor-column-gap-default\">\n\t\t\t\t\t<div class=\"elementor-column elementor-col-100 elementor-top-column elementor-element elementor-element-33bca3d\" data-id=\"33bca3d\" data-element_type=\"column\">\n\t\t\t<div class=\"elementor-widget-wrap elementor-element-populated\">\n\t\t\t\t\t\t<div class=\"elementor-element elementor-element-fd4fe2d elementor-widget elementor-widget-heading\" data-id=\"fd4fe2d\" data-element_type=\"widget\" data-widget_type=\"heading.default\">\n\t\t\t\t<div class=\"elementor-widget-container\">\n\t\t\t\t\t<h1 class=\"elementor-heading-title elementor-size-default\">Conditions g\u00e9n\u00e9rales:<br>De compra y env\u00edo para nitecore.org<\/h1>\t\t\t\t<\/div>\n\t\t\t\t<\/div>\n\t\t\t\t<div class=\"elementor-element elementor-element-2d2695c elementor-widget elementor-widget-heading\" data-id=\"2d2695c\" data-element_type=\"widget\" data-widget_type=\"heading.default\">\n\t\t\t\t<div class=\"elementor-widget-container\">\n\t\t\t\t\t<h3 class=\"elementor-heading-title elementor-size-default\">Conditions d&#039;achat<\/h3>\t\t\t\t<\/div>\n\t\t\t\t<\/div>\n\t\t\t\t\t<\/div>\n\t\t<\/div>\n\t\t\t\t\t<\/div>\n\t\t<\/section>\n\t\t\t\t<section class=\"elementor-section elementor-top-section elementor-element elementor-element-0d104bc elementor-section-boxed elementor-section-height-default elementor-section-height-default\" data-id=\"0d104bc\" data-element_type=\"section\">\n\t\t\t\t\t\t<div class=\"elementor-container elementor-column-gap-default\">\n\t\t\t\t\t<div class=\"elementor-column elementor-col-100 elementor-top-column elementor-element elementor-element-90157ea\" data-id=\"90157ea\" data-element_type=\"column\">\n\t\t\t<div class=\"elementor-widget-wrap elementor-element-populated\">\n\t\t\t\t\t\t<div class=\"elementor-element elementor-element-c6b4576 elementor-widget elementor-widget-accordion\" data-id=\"c6b4576\" data-element_type=\"widget\" data-widget_type=\"accordion.default\">\n\t\t\t\t<div class=\"elementor-widget-container\">\n\t\t\t\t\t\t\t<div class=\"elementor-accordion\">\n\t\t\t\t\t\t\t<div class=\"elementor-accordion-item\">\n\t\t\t\t\t<div id=\"elementor-tab-title-2081\" class=\"elementor-tab-title\" data-tab=\"1\" role=\"button\" aria-controls=\"elementor-tab-content-2081\" aria-expanded=\"false\">\n\t\t\t\t\t\t\t\t\t\t\t\t\t<span class=\"elementor-accordion-icon elementor-accordion-icon-left\" aria-hidden=\"true\">\n\t\t\t\t\t\t\t\t\t\t\t\t\t\t\t<span class=\"elementor-accordion-icon-closed\"><i class=\"fas fa-plus\"><\/i><\/span>\n\t\t\t\t\t\t\t\t<span class=\"elementor-accordion-icon-opened\"><i class=\"fas fa-minus\"><\/i><\/span>\n\t\t\t\t\t\t\t\t\t\t\t\t\t\t<\/span>\n\t\t\t\t\t\t\t\t\t\t\t\t<a class=\"elementor-accordion-title\" tabindex=\"0\">Prix et disponibilit\u00e9 des produits<\/a>\n\t\t\t\t\t<\/div>\n\t\t\t\t\t<div id=\"elementor-tab-content-2081\" class=\"elementor-tab-content elementor-clearfix\" data-tab=\"1\" role=\"region\" aria-labelledby=\"elementor-tab-title-2081\"><p>Les prix et la disponibilit\u00e9 des produits du Web\u00a0<a href=\"https:\/\/nitecore.org\/\">nitecore.org<\/a>\u00a0\u00a0Ils sont valables jusqu&#039;\u00e0 \u00e9puisement des stocks. En cas de rupture de stock d&#039;un produit demand\u00e9, le client sera imm\u00e9diatement inform\u00e9 dans les 48 heures.Dans les cas o\u00f9 cela est possible, un produit avec des caract\u00e9ristiques et caract\u00e9ristiques similaires ou un nouveau d\u00e9lai de livraison ou le remboursement du montant pay\u00e9 par avance si tel \u00e9tait le cas dans un d\u00e9lai maximum de 48 heures. Veuillez v\u00e9rifier la disponibilit\u00e9 exacte.Le produit avec la date d&#039;entr\u00e9e indiqu\u00e9e est toujours approximatif, il peut varier d&#039;un ou deux jours \u00e0 partir de la date indiqu\u00e9e.<\/p><\/div>\n\t\t\t\t<\/div>\n\t\t\t\t\t\t\t<div class=\"elementor-accordion-item\">\n\t\t\t\t\t<div id=\"elementor-tab-title-2082\" class=\"elementor-tab-title\" data-tab=\"2\" role=\"button\" aria-controls=\"elementor-tab-content-2082\" aria-expanded=\"false\">\n\t\t\t\t\t\t\t\t\t\t\t\t\t<span class=\"elementor-accordion-icon elementor-accordion-icon-left\" aria-hidden=\"true\">\n\t\t\t\t\t\t\t\t\t\t\t\t\t\t\t<span class=\"elementor-accordion-icon-closed\"><i class=\"fas fa-plus\"><\/i><\/span>\n\t\t\t\t\t\t\t\t<span class=\"elementor-accordion-icon-opened\"><i class=\"fas fa-minus\"><\/i><\/span>\n\t\t\t\t\t\t\t\t\t\t\t\t\t\t<\/span>\n\t\t\t\t\t\t\t\t\t\t\t\t<a class=\"elementor-accordion-title\" tabindex=\"0\">D\u00e9lai de livraison et livraisons avec dommages<\/a>\n\t\t\t\t\t<\/div>\n\t\t\t\t\t<div id=\"elementor-tab-content-2082\" class=\"elementor-tab-content elementor-clearfix\" data-tab=\"2\" role=\"region\" aria-labelledby=\"elementor-tab-title-2082\"><p>Le d\u00e9lai de livraison de chaque article d\u00e9pendra de sa disponibilit\u00e9 et celle-ci est indiqu\u00e9e dans la fiche produit. Le d\u00e9lai de livraison d\u00e9pend \u00e9galement du mode de paiement que vous s\u00e9lectionnez lors de la commande.<\/p><p>Dans le cas o\u00f9 le produit arriverait dans des conditions d\u00e9fectueuses ou d\u00e9t\u00e9rior\u00e9es, g\u00e9n\u00e9ralement dues au transport, il sera \u00e9chang\u00e9 contre le m\u00eame produit en parfait \u00e9tat sans frais suppl\u00e9mentaires. En ce sens, si vous nous signalez l&#039;incident dans les 24h apr\u00e8s r\u00e9ception de la commande, vous devez \u00e9galement noter sur le bon de livraison du transporteur les dommages que vous avez constat\u00e9s lors de la livraison de votre commande, par exemple, colis mouill\u00e9, colis ouvert ou descell\u00e9, colis avec un coup, plastique ouvert, etc., l&#039;assurance m\u00e9diateur sera directement responsable des dommages caus\u00e9s et la gestion de l&#039;incident sera plus courte.<\/p><div><p><strong>IMPORTANT: Les retours ne sont pas accept\u00e9s en raison du type de produit et en cas de r\u00e9ception en mauvais \u00e9tat, vous devez nous informer dans les 24 heures suivant la livraison du produit, de la d\u00e9t\u00e9rioration ou de la casse de l&#039;envoi due \u00e0 des causes caus\u00e9es par le transport via le formulaire de contact ou par e-mail dans ce d\u00e9lai et \u00e9galement \u00e0 la soci\u00e9t\u00e9 de transport utilis\u00e9e pour la livraison. En dehors de ce d\u00e9lai, le m\u00e9diateur d&#039;assurance ne sera pas responsable des dommages caus\u00e9s par celui-ci. Veuillez inspecter le produit le jour m\u00eame de la livraison pour \u00e9viter des complications lors d&#039;une \u00e9ventuelle r\u00e9clamation. Le grossiste n&#039;offre aucun type de garantie apr\u00e8s cette p\u00e9riode de 15 jours apr\u00e8s la livraison.<\/strong><\/p><\/div><p>L&#039;information contenue sur notre site est limit\u00e9e \u00e0 l&#039;acceptation des termes et conditions suivants, qui peuvent \u00eatre modifi\u00e9s \u00e0 tout moment par l&#039;exploitant.<\/p><p>Cette page Web a \u00e9t\u00e9 con\u00e7ue pour fournir des informations g\u00e9n\u00e9rales sur nos produits et services, et en aucun cas elle n&#039;est destin\u00e9e \u00e0 donner un avis ou des instructions sur l&#039;utilisation des d\u00e9fenses \u00e9lectriques ou d&#039;autres produits sur le Web.<\/p><p>Les pr\u00e9sentes conditions g\u00e9n\u00e9rales sont r\u00e9gies par la l\u00e9gislation de la Principaut\u00e9 d&#039;Andorre. Toute controverse d\u00e9coulant de l&#039;interpr\u00e9tation, de l&#039;ex\u00e9cution ou de la r\u00e9solution du pr\u00e9sent contrat sera soumise \u00e0 la juridiction et \u00e0 la comp\u00e9tence des tribunaux de la Principaut\u00e9 d&#039;Andorre.<\/p><div><p><strong>Transport : Transport inclus dans la P\u00e9ninsule et le Portugal, pour les particuliers, la soci\u00e9t\u00e9 de transport vous appellera depuis l&#039;agence la plus proche de chez vous afin que vous puissiez aller chercher votre produit. Pour les entreprises, une livraison \u00e0 domicile peut \u00eatre demand\u00e9e.<\/strong><\/p><\/div><\/div>\n\t\t\t\t<\/div>\n\t\t\t\t\t\t\t<div class=\"elementor-accordion-item\">\n\t\t\t\t\t<div id=\"elementor-tab-title-2083\" class=\"elementor-tab-title\" data-tab=\"3\" role=\"button\" aria-controls=\"elementor-tab-content-2083\" aria-expanded=\"false\">\n\t\t\t\t\t\t\t\t\t\t\t\t\t<span class=\"elementor-accordion-icon elementor-accordion-icon-left\" aria-hidden=\"true\">\n\t\t\t\t\t\t\t\t\t\t\t\t\t\t\t<span class=\"elementor-accordion-icon-closed\"><i class=\"fas fa-plus\"><\/i><\/span>\n\t\t\t\t\t\t\t\t<span class=\"elementor-accordion-icon-opened\"><i class=\"fas fa-minus\"><\/i><\/span>\n\t\t\t\t\t\t\t\t\t\t\t\t\t\t<\/span>\n\t\t\t\t\t\t\t\t\t\t\t\t<a class=\"elementor-accordion-title\" tabindex=\"0\">Imp\u00f4ts<\/a>\n\t\t\t\t\t<\/div>\n\t\t\t\t\t<div id=\"elementor-tab-content-2083\" class=\"elementor-tab-content elementor-clearfix\" data-tab=\"3\" role=\"region\" aria-labelledby=\"elementor-tab-title-2083\"><div id=\"information-information\" class=\"container\"><div class=\"row\"><div id=\"content\" class=\"col-sm-12\"><div class=\"content\"><div class=\"page-content\"><div><p>Les prix indiqu\u00e9s dans\u00a0<a href=\"https:\/\/nitecore.org\/\">nitecore.org<\/a>\u00a0\u00a0Ils sont nets et incluent l&#039;IGI 4.5%.<\/p><\/div><p>Conform\u00e9ment \u00e0 la loi 15\/2003, du 18 d\u00e9cembre, qualifi\u00e9e pour la protection des donn\u00e9es personnelles, nous vous informons que vos donn\u00e9es personnelles et toutes les informations fournies seront incorpor\u00e9es dans un fichier, la responsabilit\u00e9 de Defensas El\u00e9ctricas sans pr\u00e9judice de pouvoir exercer les droits d&#039;acc\u00e8s, de rectification, d&#039;annulation ou d&#039;opposition au traitement de ceux-ci dans les termes et conditions pr\u00e9vus par la l\u00e9gislation sur la protection des donn\u00e9es en vigueur \u00e0 tout moment par courrier \u00e9lectronique adress\u00e9 \u00e0\u00a0<a href=\"https:\/\/nitecore.org\/contactanos\/\">Formulaire de contact<\/a>. Les donn\u00e9es seront utilis\u00e9es pour informer et communiquer diverses actions commerciales et seront trait\u00e9es avec la plus grande confidentialit\u00e9, \u00e9tant le destinataire unique et exclusif de celles-ci.<\/p><p>A estos efectos, el cliente mujer su consentimiento expreso para la cesi\u00f3n de sus datos personales cuando esto sea necesario por la mejor prestaci\u00f3n del servicio contratado, siempre y cuando \u00fanicamente se cedan sus datos imprescindibles por esta finalidad. Este consentimiento podr\u00e1 ser revocado en cualquier momento por medio de comunicaci\u00f3n fehaciente a nitecore.org al <a href=\"https:\/\/nitecore.org\/contacto\/\">Formulaire de contact<\/a><\/p><\/div><\/div><\/div><\/div><\/div><\/div>\n\t\t\t\t<\/div>\n\t\t\t\t\t\t\t\t<\/div>\n\t\t\t\t\t\t<\/div>\n\t\t\t\t<\/div>\n\t\t\t\t\t<\/div>\n\t\t<\/div>\n\t\t\t\t\t<\/div>\n\t\t<\/section>\n\t\t\t\t<\/div>","protected":false},"excerpt":{"rendered":"<p>Condiciones generales:De compra y env\u00edo para nitecore.org Condiciones de Compra Precios y disponibilidad de productos Los precios y la disponibilidad de los productos de la Web\u00a0nitecore.org\u00a0\u00a0son v\u00e1lidos salvo fin de existencias. En caso de finalizar las existencias de un producto solicitado, se comunicar\u00e1 al cliente inmediatamente en un plazo de 48h en aquellos casos que [&hellip;]<\/p>","protected":false},"author":1,"featured_media":0,"parent":0,"menu_order":0,"comment_status":"closed","ping_status":"closed","template":"elementor_header_footer","meta":{"site-sidebar-layout":"default","site-content-layout":"","ast-site-content-layout":"default","site-content-style":"default","site-sidebar-style":"default","ast-global-header-display":"","ast-banner-title-visibility":"","ast-main-header-display":"","ast-hfb-above-header-display":"","ast-hfb-below-header-display":"","ast-hfb-mobile-header-display":"","site-post-title":"","ast-breadcrumbs-content":"","ast-featured-img":"","footer-sml-layout":"","ast-disable-related-posts":"","theme-transparent-header-meta":"default","adv-header-id-meta":"","stick-header-meta":"default","header-above-stick-meta":"","header-main-stick-meta":"","header-below-stick-meta":"","astra-migrate-meta-layouts":"set","ast-page-background-enabled":"default","ast-page-background-meta":{"desktop":{"background-color":"var(--ast-global-color-4)","background-image":"","background-repeat":"repeat","background-position":"center center","background-size":"auto","background-attachment":"scroll","background-type":"","background-media":"","overlay-type":"","overlay-color":"","overlay-opacity":"","overlay-gradient":""},"tablet":{"background-color":"","background-image":"","background-repeat":"repeat","background-position":"center center","background-size":"auto","background-attachment":"scroll","background-type":"","background-media":"","overlay-type":"","overlay-color":"","overlay-opacity":"","overlay-gradient":""},"mobile":{"background-color":"","background-image":"","background-repeat":"repeat","background-position":"center center","background-size":"auto","background-attachment":"scroll","background-type":"","background-media":"","overlay-type":"","overlay-color":"","overlay-opacity":"","overlay-gradient":""}},"ast-content-background-meta":{"desktop":{"background-color":"var(--ast-global-color-5)","background-image":"","background-repeat":"repeat","background-position":"center center","background-size":"auto","background-attachment":"scroll","background-type":"","background-media":"","overlay-type":"","overlay-color":"","overlay-opacity":"","overlay-gradient":""},"tablet":{"background-color":"var(--ast-global-color-5)","background-image":"","background-repeat":"repeat","background-position":"center center","background-size":"auto","background-attachment":"scroll","background-type":"","background-media":"","overlay-type":"","overlay-color":"","overlay-opacity":"","overlay-gradient":""},"mobile":{"background-color":"var(--ast-global-color-5)","background-image":"","background-repeat":"repeat","background-position":"center center","background-size":"auto","background-attachment":"scroll","background-type":"","background-media":"","overlay-type":"","overlay-color":"","overlay-opacity":"","overlay-gradient":""}},"footnotes":""},"class_list":["post-7292","page","type-page","status-publish","hentry"],"acf":[],"_links":{"self":[{"href":"https:\/\/nitecore.org\/fr\/wp-json\/wp\/v2\/pages\/7292","targetHints":{"allow":["GET"]}}],"collection":[{"href":"https:\/\/nitecore.org\/fr\/wp-json\/wp\/v2\/pages"}],"about":[{"href":"https:\/\/nitecore.org\/fr\/wp-json\/wp\/v2\/types\/page"}],"author":[{"embeddable":true,"href":"https:\/\/nitecore.org\/fr\/wp-json\/wp\/v2\/users\/1"}],"replies":[{"embeddable":true,"href":"https:\/\/nitecore.org\/fr\/wp-json\/wp\/v2\/comments?post=7292"}],"version-history":[{"count":0,"href":"https:\/\/nitecore.org\/fr\/wp-json\/wp\/v2\/pages\/7292\/revisions"}],"wp:attachment":[{"href":"https:\/\/nitecore.org\/fr\/wp-json\/wp\/v2\/media?parent=7292"}],"curies":[{"name":"wp","href":"https:\/\/api.w.org\/{rel}","templated":true}]}}