{"id":5996,"date":"2023-03-22T11:53:21","date_gmt":"2023-03-22T10:53:21","guid":{"rendered":"https:\/\/nitecore.org\/blog\/?page_id=5996"},"modified":"2024-09-23T12:45:07","modified_gmt":"2024-09-23T10:45:07","slug":"conditions-de-vente-nou","status":"publish","type":"page","link":"https:\/\/nitecore.org\/fr\/condiciones-de-venta","title":{"rendered":"CONDITIONS DE VENTE"},"content":{"rendered":"<div data-elementor-type=\"wp-page\" data-elementor-id=\"5996\" class=\"elementor elementor-5996\" data-elementor-post-type=\"page\">\n\t\t\t\t\t\t<section class=\"elementor-section elementor-top-section elementor-element elementor-element-53bacef elementor-section-boxed elementor-section-height-default elementor-section-height-default\" data-id=\"53bacef\" data-element_type=\"section\">\n\t\t\t\t\t\t<div class=\"elementor-container elementor-column-gap-default\">\n\t\t\t\t\t<div class=\"elementor-column elementor-col-100 elementor-top-column elementor-element elementor-element-b416cb9\" data-id=\"b416cb9\" data-element_type=\"column\">\n\t\t\t<div class=\"elementor-widget-wrap elementor-element-populated\">\n\t\t\t\t\t\t<div class=\"elementor-element elementor-element-76a510b elementor-widget elementor-widget-heading\" data-id=\"76a510b\" data-element_type=\"widget\" data-widget_type=\"heading.default\">\n\t\t\t\t<div class=\"elementor-widget-container\">\n\t\t\t\t\t<h1 class=\"elementor-heading-title elementor-size-default\">CONDITIONS DE VENTE\n<\/h1>\t\t\t\t<\/div>\n\t\t\t\t<\/div>\n\t\t\t\t<div class=\"elementor-element elementor-element-b7c2b98 elementor-widget elementor-widget-text-editor\" data-id=\"b7c2b98\" data-element_type=\"widget\" data-widget_type=\"text-editor.default\">\n\t\t\t\t<div class=\"elementor-widget-container\">\n\t\t\t\t\t\t\t\t\t<p>Conditions g\u00e9n\u00e9rales de vente de\u00a0<b>nitecore.org<\/b><\/p><p>L&#039;interpr\u00e9tation et l&#039;ex\u00e9cution des conditions, ainsi que tous les actes qui en d\u00e9coulent, seront soumis \u00e0 la loi de la Principaut\u00e9 d&#039;Andorre.<\/p>\t\t\t\t\t\t\t\t<\/div>\n\t\t\t\t<\/div>\n\t\t\t\t\t<\/div>\n\t\t<\/div>\n\t\t\t\t\t<\/div>\n\t\t<\/section>\n\t\t\t\t<section class=\"elementor-section elementor-top-section elementor-element elementor-element-5e8f9df elementor-section-boxed elementor-section-height-default elementor-section-height-default\" data-id=\"5e8f9df\" data-element_type=\"section\">\n\t\t\t\t\t\t<div class=\"elementor-container elementor-column-gap-default\">\n\t\t\t\t\t<div class=\"elementor-column elementor-col-100 elementor-top-column elementor-element elementor-element-a00ac5d\" data-id=\"a00ac5d\" data-element_type=\"column\">\n\t\t\t<div class=\"elementor-widget-wrap elementor-element-populated\">\n\t\t\t\t\t\t<div class=\"elementor-element elementor-element-6450f02 elementor-widget elementor-widget-accordion\" data-id=\"6450f02\" data-element_type=\"widget\" data-widget_type=\"accordion.default\">\n\t\t\t\t<div class=\"elementor-widget-container\">\n\t\t\t\t\t\t\t<div class=\"elementor-accordion\">\n\t\t\t\t\t\t\t<div class=\"elementor-accordion-item\">\n\t\t\t\t\t<div id=\"elementor-tab-title-1051\" class=\"elementor-tab-title\" data-tab=\"1\" role=\"button\" aria-controls=\"elementor-tab-content-1051\" aria-expanded=\"false\">\n\t\t\t\t\t\t\t\t\t\t\t\t\t<span class=\"elementor-accordion-icon elementor-accordion-icon-left\" aria-hidden=\"true\">\n\t\t\t\t\t\t\t\t\t\t\t\t\t\t\t<span class=\"elementor-accordion-icon-closed\"><i class=\"fas fa-plus\"><\/i><\/span>\n\t\t\t\t\t\t\t\t<span class=\"elementor-accordion-icon-opened\"><i class=\"fas fa-minus\"><\/i><\/span>\n\t\t\t\t\t\t\t\t\t\t\t\t\t\t<\/span>\n\t\t\t\t\t\t\t\t\t\t\t\t<a class=\"elementor-accordion-title\" tabindex=\"0\">1. G\u00c9N\u00c9RAL:<\/a>\n\t\t\t\t\t<\/div>\n\t\t\t\t\t<div id=\"elementor-tab-content-1051\" class=\"elementor-tab-content elementor-clearfix\" data-tab=\"1\" role=\"region\" aria-labelledby=\"elementor-tab-title-1051\"><p>Les pr\u00e9sentes conditions g\u00e9n\u00e9rales de vente s&#039;appliquent strictement \u00e0 toutes les ventes de produits r\u00e9alis\u00e9es sur Internet.<\/p><p>Toutes les commandes pass\u00e9es \u00e0 <b>nitecore.org<\/b> implique n\u00e9cessairement, \u00e0 titre de condition essentielle, d\u00e9terminante et essentielle, l&#039;acceptation sans r\u00e9serve par le Client des Conditions G\u00e9n\u00e9rales de Vente de <b>nitecore.org<\/b><b>\u00a0<\/b>valable au jour de la passation de la commande correspondante. En outre, le Client reconna\u00eet que l&#039;acceptation de ces conditions impliquera leur application \u00e0 la commande \u00e0 laquelle elles se r\u00e9f\u00e8rent, ainsi qu&#039;\u00e0 toute commande ult\u00e9rieure, \u00e0 l&#039;exception des cas o\u00f9 de nouvelles conditions seraient port\u00e9es \u00e0 sa connaissance par <b>nitecore.org<\/b>. Le fait que <b>nitecore.org<\/b>\u00a0Ne pas recourir \u00e0 un moment donn\u00e9 \u00e0 l&#039;une quelconque de ces conditions ne peut \u00eatre interpr\u00e9t\u00e9 ni \u00e9quivaloir \u00e0 renoncer \u00e0 y recourir dans le futur ou dans le pass\u00e9.<\/p><p>Droit applicable et juridiction comp\u00e9tente.<\/p><\/div>\n\t\t\t\t<\/div>\n\t\t\t\t\t\t\t<div class=\"elementor-accordion-item\">\n\t\t\t\t\t<div id=\"elementor-tab-title-1052\" class=\"elementor-tab-title\" data-tab=\"2\" role=\"button\" aria-controls=\"elementor-tab-content-1052\" aria-expanded=\"false\">\n\t\t\t\t\t\t\t\t\t\t\t\t\t<span class=\"elementor-accordion-icon elementor-accordion-icon-left\" aria-hidden=\"true\">\n\t\t\t\t\t\t\t\t\t\t\t\t\t\t\t<span class=\"elementor-accordion-icon-closed\"><i class=\"fas fa-plus\"><\/i><\/span>\n\t\t\t\t\t\t\t\t<span class=\"elementor-accordion-icon-opened\"><i class=\"fas fa-minus\"><\/i><\/span>\n\t\t\t\t\t\t\t\t\t\t\t\t\t\t<\/span>\n\t\t\t\t\t\t\t\t\t\t\t\t<a class=\"elementor-accordion-title\" tabindex=\"0\">2. PRIX :<\/a>\n\t\t\t\t\t<\/div>\n\t\t\t\t\t<div id=\"elementor-tab-content-1052\" class=\"elementor-tab-content elementor-clearfix\" data-tab=\"2\" role=\"region\" aria-labelledby=\"elementor-tab-title-1052\"><p>Les prix publi\u00e9s dans <b>nitecore.org<\/b> Ils sont en euros et sont \u00e0 jour sauf erreur typographique. Tous les prix incluent la Taxe Indirecte applicable au jour de la commande, tout changement du taux de la Taxe Indirecte sera automatiquement r\u00e9percut\u00e9 sur les prix des produits en vente sur <b>nitecore.org<\/b>.<\/p><\/div>\n\t\t\t\t<\/div>\n\t\t\t\t\t\t\t<div class=\"elementor-accordion-item\">\n\t\t\t\t\t<div id=\"elementor-tab-title-1053\" class=\"elementor-tab-title\" data-tab=\"3\" role=\"button\" aria-controls=\"elementor-tab-content-1053\" aria-expanded=\"false\">\n\t\t\t\t\t\t\t\t\t\t\t\t\t<span class=\"elementor-accordion-icon elementor-accordion-icon-left\" aria-hidden=\"true\">\n\t\t\t\t\t\t\t\t\t\t\t\t\t\t\t<span class=\"elementor-accordion-icon-closed\"><i class=\"fas fa-plus\"><\/i><\/span>\n\t\t\t\t\t\t\t\t<span class=\"elementor-accordion-icon-opened\"><i class=\"fas fa-minus\"><\/i><\/span>\n\t\t\t\t\t\t\t\t\t\t\t\t\t\t<\/span>\n\t\t\t\t\t\t\t\t\t\t\t\t<a class=\"elementor-accordion-title\" tabindex=\"0\">3. DIFF\u00c9RENTS MODES DE PAIEMENT\u00a0:<\/a>\n\t\t\t\t\t<\/div>\n\t\t\t\t\t<div id=\"elementor-tab-content-1053\" class=\"elementor-tab-content elementor-clearfix\" data-tab=\"3\" role=\"region\" aria-labelledby=\"elementor-tab-title-1053\"><p>Lors de la formulation de la commande, le client peut librement choisir de r\u00e9gler les achats qu&#039;il effectue en <b>nitecore.org<\/b><b>\u00a0<\/b>\u00e0 travers:<\/p><p>Carte de cr\u00e9dit<\/p><p>paiement \u00e0 la livraison<\/p><\/div>\n\t\t\t\t<\/div>\n\t\t\t\t\t\t\t<div class=\"elementor-accordion-item\">\n\t\t\t\t\t<div id=\"elementor-tab-title-1054\" class=\"elementor-tab-title\" data-tab=\"4\" role=\"button\" aria-controls=\"elementor-tab-content-1054\" aria-expanded=\"false\">\n\t\t\t\t\t\t\t\t\t\t\t\t\t<span class=\"elementor-accordion-icon elementor-accordion-icon-left\" aria-hidden=\"true\">\n\t\t\t\t\t\t\t\t\t\t\t\t\t\t\t<span class=\"elementor-accordion-icon-closed\"><i class=\"fas fa-plus\"><\/i><\/span>\n\t\t\t\t\t\t\t\t<span class=\"elementor-accordion-icon-opened\"><i class=\"fas fa-minus\"><\/i><\/span>\n\t\t\t\t\t\t\t\t\t\t\t\t\t\t<\/span>\n\t\t\t\t\t\t\t\t\t\t\t\t<a class=\"elementor-accordion-title\" tabindex=\"0\">4. PRODUIT\u00a0:<\/a>\n\t\t\t\t\t<\/div>\n\t\t\t\t\t<div id=\"elementor-tab-content-1054\" class=\"elementor-tab-content elementor-clearfix\" data-tab=\"4\" role=\"region\" aria-labelledby=\"elementor-tab-title-1054\"><p>Les offres pr\u00e9sent\u00e9es par <b>nitecore.org<\/b> Ils sont valables dans la limite des stocks disponibles. <b>nitecore.org<\/b>\u00a0se r\u00e9serve le droit de modifier l&#039;assortiment de produits en fonction des difficult\u00e9s impos\u00e9es par ses fournisseurs. De m\u00eame, vous avez le pouvoir de changer tout produit que vous n&#039;avez pas en stock, pour un autre substitut de m\u00eame qualit\u00e9 et sans que cela implique une augmentation de prix.<\/p><p>Las fotograf\u00edas, grafismos y las descripciones de los productos propuestos a la venta solo son orientativos y no comprometen de ninguna manera al vendedor <b>nitecore.org<\/b>.<\/p><\/div>\n\t\t\t\t<\/div>\n\t\t\t\t\t\t\t<div class=\"elementor-accordion-item\">\n\t\t\t\t\t<div id=\"elementor-tab-title-1055\" class=\"elementor-tab-title\" data-tab=\"5\" role=\"button\" aria-controls=\"elementor-tab-content-1055\" aria-expanded=\"false\">\n\t\t\t\t\t\t\t\t\t\t\t\t\t<span class=\"elementor-accordion-icon elementor-accordion-icon-left\" aria-hidden=\"true\">\n\t\t\t\t\t\t\t\t\t\t\t\t\t\t\t<span class=\"elementor-accordion-icon-closed\"><i class=\"fas fa-plus\"><\/i><\/span>\n\t\t\t\t\t\t\t\t<span class=\"elementor-accordion-icon-opened\"><i class=\"fas fa-minus\"><\/i><\/span>\n\t\t\t\t\t\t\t\t\t\t\t\t\t\t<\/span>\n\t\t\t\t\t\t\t\t\t\t\t\t<a class=\"elementor-accordion-title\" tabindex=\"0\">5. EXP\u00c9DITIONS\u00a0:<\/a>\n\t\t\t\t\t<\/div>\n\t\t\t\t\t<div id=\"elementor-tab-content-1055\" class=\"elementor-tab-content elementor-clearfix\" data-tab=\"5\" role=\"region\" aria-labelledby=\"elementor-tab-title-1055\"><p>Les produits achet\u00e9s seront livr\u00e9s \u00e0 la personne et \u00e0 l&#039;adresse indiqu\u00e9e lors de la commande.<\/p><p>Par d\u00e9faut, les livraisons pro-forma seront envoy\u00e9es \u00e0 l&#039;adresse e-mail indiqu\u00e9e par le client lors de son inscription dans <b>nitecore.org<\/b>.<\/p><p>Les samedis, dimanches et jours f\u00e9ri\u00e9s, il n&#039;y aura ni d\u00e9part ni livraison des commandes.<\/p><p>Toutefois, son retard n&#039;impliquera pas l&#039;annulation de la commande ni aucune indemnit\u00e9.<\/p><p>Une commande est consid\u00e9r\u00e9e comme livr\u00e9e au moment o\u00f9 le transporteur remet le ou les colis au client et que le client signe le bon de livraison. Il appartient au client de v\u00e9rifier l&#039;\u00e9tat de la marchandise \u00e0 r\u00e9ception et de signaler toute anomalie sur le bon de livraison.<\/p><\/div>\n\t\t\t\t<\/div>\n\t\t\t\t\t\t\t<div class=\"elementor-accordion-item\">\n\t\t\t\t\t<div id=\"elementor-tab-title-1056\" class=\"elementor-tab-title\" data-tab=\"6\" role=\"button\" aria-controls=\"elementor-tab-content-1056\" aria-expanded=\"false\">\n\t\t\t\t\t\t\t\t\t\t\t\t\t<span class=\"elementor-accordion-icon elementor-accordion-icon-left\" aria-hidden=\"true\">\n\t\t\t\t\t\t\t\t\t\t\t\t\t\t\t<span class=\"elementor-accordion-icon-closed\"><i class=\"fas fa-plus\"><\/i><\/span>\n\t\t\t\t\t\t\t\t<span class=\"elementor-accordion-icon-opened\"><i class=\"fas fa-minus\"><\/i><\/span>\n\t\t\t\t\t\t\t\t\t\t\t\t\t\t<\/span>\n\t\t\t\t\t\t\t\t\t\t\t\t<a class=\"elementor-accordion-title\" tabindex=\"0\">6. POLITIQUES DE RETOUR ET D&#039;ANNULATION\u00a0:<\/a>\n\t\t\t\t\t<\/div>\n\t\t\t\t\t<div id=\"elementor-tab-content-1056\" class=\"elementor-tab-content elementor-clearfix\" data-tab=\"6\" role=\"region\" aria-labelledby=\"elementor-tab-title-1056\"><p>Il existe un service apr\u00e8s-vente pour r\u00e9soudre les probl\u00e8mes li\u00e9s aux produits et aux exp\u00e9ditions. Les clients peuvent contacter en \u00e9crivant \u00e0 l&#039;adresse e-mail <b>nitecore<\/b><b>@<\/b><strong>gmail.com<\/strong><\/p><\/div>\n\t\t\t\t<\/div>\n\t\t\t\t\t\t\t<div class=\"elementor-accordion-item\">\n\t\t\t\t\t<div id=\"elementor-tab-title-1057\" class=\"elementor-tab-title\" data-tab=\"7\" role=\"button\" aria-controls=\"elementor-tab-content-1057\" aria-expanded=\"false\">\n\t\t\t\t\t\t\t\t\t\t\t\t\t<span class=\"elementor-accordion-icon elementor-accordion-icon-left\" aria-hidden=\"true\">\n\t\t\t\t\t\t\t\t\t\t\t\t\t\t\t<span class=\"elementor-accordion-icon-closed\"><i class=\"fas fa-plus\"><\/i><\/span>\n\t\t\t\t\t\t\t\t<span class=\"elementor-accordion-icon-opened\"><i class=\"fas fa-minus\"><\/i><\/span>\n\t\t\t\t\t\t\t\t\t\t\t\t\t\t<\/span>\n\t\t\t\t\t\t\t\t\t\t\t\t<a class=\"elementor-accordion-title\" tabindex=\"0\">6.1 Retour de marchandise :<\/a>\n\t\t\t\t\t<\/div>\n\t\t\t\t\t<div id=\"elementor-tab-content-1057\" class=\"elementor-tab-content elementor-clearfix\" data-tab=\"7\" role=\"region\" aria-labelledby=\"elementor-tab-title-1057\"><p><b>IMPORTANT:<\/b> Les retours ne sont pas accept\u00e9s en raison du type de produit, et en <b>le cas de le recevoir en mauvais \u00e9tat<\/b>, vous devez nous informer dans un d\u00e9lai <b>dans les 24 heures suivant la livraison du produit<\/b>, de la d\u00e9t\u00e9rioration ou de la casse de l&#039;envoi due \u00e0 des causes provoqu\u00e9es par le transport via le formulaire de contact ou par e-mail dans ce d\u00e9lai et \u00e9galement \u00e0 la soci\u00e9t\u00e9 de transport utilis\u00e9e pour la livraison. En dehors de ce d\u00e9lai, le m\u00e9diateur d&#039;assurance ne sera pas responsable des dommages caus\u00e9s par celui-ci. nous mendions <b>inspecter le produit le jour m\u00eame de la livraison<\/b> para evitar complicaciones en una posible reclamaci\u00f3n.<br \/>En el caso de su uso, El Mayorista vs Fabricante <b>n&#039;offre aucun type de garantie apr\u00e8s la p\u00e9riode de 15 jours<\/b> apr\u00e8s livraison.<\/p><p>Tout article achet\u00e9 sur <b>nitecore.org<\/b>, doit \u00eatre retourn\u00e9 dans son emballage d&#039;origine, scell\u00e9, en parfait \u00e9tat et accompagn\u00e9 d&#039;une copie du bon de livraison pour que le retour soit accept\u00e9.<\/p><p>Antes de realizar la devoluci\u00f3n del producto, el cliente tendr\u00e1 que comunicarlo al departamento de Atenci\u00f3n al cliente de <b>nitecore<\/b>.<\/p><p>Une fois le produit re\u00e7u en Andorre, il sera livr\u00e9 au service qualit\u00e9 pour analyser l&#039;\u00e9tat du produit et le type de manipulation qu&#039;il a subi par le client avant tout type de retour.<\/p><p>Si la cause du retour \u00e9tait que l&#039;article retourn\u00e9 est d\u00e9fectueux ou ne correspond pas \u00e0 ce qui a \u00e9t\u00e9 demand\u00e9 dans la commande, <b>nitecore.org<\/b>\u00a0Vous prendrez en charge les frais de retour et de nouvel envoi. Si la raison du retour est que vous n&#039;\u00eates pas satisfait de la commande, nous vous rembourserons le montant mais pas les frais d&#039;exp\u00e9dition ni les frais de retour.<\/p><\/div>\n\t\t\t\t<\/div>\n\t\t\t\t\t\t\t<div class=\"elementor-accordion-item\">\n\t\t\t\t\t<div id=\"elementor-tab-title-1058\" class=\"elementor-tab-title\" data-tab=\"8\" role=\"button\" aria-controls=\"elementor-tab-content-1058\" aria-expanded=\"false\">\n\t\t\t\t\t\t\t\t\t\t\t\t\t<span class=\"elementor-accordion-icon elementor-accordion-icon-left\" aria-hidden=\"true\">\n\t\t\t\t\t\t\t\t\t\t\t\t\t\t\t<span class=\"elementor-accordion-icon-closed\"><i class=\"fas fa-plus\"><\/i><\/span>\n\t\t\t\t\t\t\t\t<span class=\"elementor-accordion-icon-opened\"><i class=\"fas fa-minus\"><\/i><\/span>\n\t\t\t\t\t\t\t\t\t\t\t\t\t\t<\/span>\n\t\t\t\t\t\t\t\t\t\t\t\t<a class=\"elementor-accordion-title\" tabindex=\"0\">6.2 Annulation de commande :<\/a>\n\t\t\t\t\t<\/div>\n\t\t\t\t\t<div id=\"elementor-tab-content-1058\" class=\"elementor-tab-content elementor-clearfix\" data-tab=\"8\" role=\"region\" aria-labelledby=\"elementor-tab-title-1058\"><p>Si l&#039;annulation de la commande arrive avant le d\u00e9part de la marchandise, le client n&#039;aura aucune d\u00e9pense, \u00e0 l&#039;exception des int\u00e9r\u00eats occasionn\u00e9s par la banque de 1.5%. Dans le cas d&#039;une annulation apr\u00e8s le d\u00e9part de la commande, le client sera responsable de l&#039;int\u00e9gralit\u00e9 des frais d&#039;envoi ainsi que des frais de retour de cette m\u00eame commande.<\/p><\/div>\n\t\t\t\t<\/div>\n\t\t\t\t\t\t\t<div class=\"elementor-accordion-item\">\n\t\t\t\t\t<div id=\"elementor-tab-title-1059\" class=\"elementor-tab-title\" data-tab=\"9\" role=\"button\" aria-controls=\"elementor-tab-content-1059\" aria-expanded=\"false\">\n\t\t\t\t\t\t\t\t\t\t\t\t\t<span class=\"elementor-accordion-icon elementor-accordion-icon-left\" aria-hidden=\"true\">\n\t\t\t\t\t\t\t\t\t\t\t\t\t\t\t<span class=\"elementor-accordion-icon-closed\"><i class=\"fas fa-plus\"><\/i><\/span>\n\t\t\t\t\t\t\t\t<span class=\"elementor-accordion-icon-opened\"><i class=\"fas fa-minus\"><\/i><\/span>\n\t\t\t\t\t\t\t\t\t\t\t\t\t\t<\/span>\n\t\t\t\t\t\t\t\t\t\t\t\t<a class=\"elementor-accordion-title\" tabindex=\"0\">7. Les termes et conditions<\/a>\n\t\t\t\t\t<\/div>\n\t\t\t\t\t<div id=\"elementor-tab-content-1059\" class=\"elementor-tab-content elementor-clearfix\" data-tab=\"9\" role=\"region\" aria-labelledby=\"elementor-tab-title-1059\"><p>Les conditions d&#039;utilisation de ce site sont soumises \u00e0 la comp\u00e9tence des tribunaux de la Principaut\u00e9 d&#039;Andorre.<\/p><\/div>\n\t\t\t\t<\/div>\n\t\t\t\t\t\t\t\t<\/div>\n\t\t\t\t\t\t<\/div>\n\t\t\t\t<\/div>\n\t\t\t\t\t<\/div>\n\t\t<\/div>\n\t\t\t\t\t<\/div>\n\t\t<\/section>\n\t\t\t\t<\/div>","protected":false},"excerpt":{"rendered":"<p>CONDICIONES DE VENTA Condiciones generales de venta de\u00a0nitecore.org La interpretaci\u00f3n y la ejecuci\u00f3n de las condiciones, as\u00ed como todos los actos que se sean consecuencia de ellas, quedar\u00e1n sometidos al derecho de la leyes del Principado de Andorra. 1. GENERALES: Las presentes condiciones generales de venta se aplican estrictamente a todas las ventas de productos [&hellip;]<\/p>","protected":false},"author":1,"featured_media":0,"parent":0,"menu_order":0,"comment_status":"closed","ping_status":"closed","template":"elementor_header_footer","meta":{"site-sidebar-layout":"default","site-content-layout":"","ast-site-content-layout":"default","site-content-style":"default","site-sidebar-style":"default","ast-global-header-display":"","ast-banner-title-visibility":"","ast-main-header-display":"","ast-hfb-above-header-display":"","ast-hfb-below-header-display":"","ast-hfb-mobile-header-display":"","site-post-title":"","ast-breadcrumbs-content":"","ast-featured-img":"","footer-sml-layout":"","ast-disable-related-posts":"","theme-transparent-header-meta":"default","adv-header-id-meta":"","stick-header-meta":"default","header-above-stick-meta":"","header-main-stick-meta":"","header-below-stick-meta":"","astra-migrate-meta-layouts":"set","ast-page-background-enabled":"default","ast-page-background-meta":{"desktop":{"background-color":"var(--ast-global-color-4)","background-image":"","background-repeat":"repeat","background-position":"center center","background-size":"auto","background-attachment":"scroll","background-type":"","background-media":"","overlay-type":"","overlay-color":"","overlay-opacity":"","overlay-gradient":""},"tablet":{"background-color":"","background-image":"","background-repeat":"repeat","background-position":"center center","background-size":"auto","background-attachment":"scroll","background-type":"","background-media":"","overlay-type":"","overlay-color":"","overlay-opacity":"","overlay-gradient":""},"mobile":{"background-color":"","background-image":"","background-repeat":"repeat","background-position":"center center","background-size":"auto","background-attachment":"scroll","background-type":"","background-media":"","overlay-type":"","overlay-color":"","overlay-opacity":"","overlay-gradient":""}},"ast-content-background-meta":{"desktop":{"background-color":"var(--ast-global-color-5)","background-image":"","background-repeat":"repeat","background-position":"center center","background-size":"auto","background-attachment":"scroll","background-type":"","background-media":"","overlay-type":"","overlay-color":"","overlay-opacity":"","overlay-gradient":""},"tablet":{"background-color":"var(--ast-global-color-5)","background-image":"","background-repeat":"repeat","background-position":"center center","background-size":"auto","background-attachment":"scroll","background-type":"","background-media":"","overlay-type":"","overlay-color":"","overlay-opacity":"","overlay-gradient":""},"mobile":{"background-color":"var(--ast-global-color-5)","background-image":"","background-repeat":"repeat","background-position":"center center","background-size":"auto","background-attachment":"scroll","background-type":"","background-media":"","overlay-type":"","overlay-color":"","overlay-opacity":"","overlay-gradient":""}},"footnotes":""},"class_list":["post-5996","page","type-page","status-publish","hentry"],"acf":[],"_links":{"self":[{"href":"https:\/\/nitecore.org\/fr\/wp-json\/wp\/v2\/pages\/5996","targetHints":{"allow":["GET"]}}],"collection":[{"href":"https:\/\/nitecore.org\/fr\/wp-json\/wp\/v2\/pages"}],"about":[{"href":"https:\/\/nitecore.org\/fr\/wp-json\/wp\/v2\/types\/page"}],"author":[{"embeddable":true,"href":"https:\/\/nitecore.org\/fr\/wp-json\/wp\/v2\/users\/1"}],"replies":[{"embeddable":true,"href":"https:\/\/nitecore.org\/fr\/wp-json\/wp\/v2\/comments?post=5996"}],"version-history":[{"count":0,"href":"https:\/\/nitecore.org\/fr\/wp-json\/wp\/v2\/pages\/5996\/revisions"}],"wp:attachment":[{"href":"https:\/\/nitecore.org\/fr\/wp-json\/wp\/v2\/media?parent=5996"}],"curies":[{"name":"wp","href":"https:\/\/api.w.org\/{rel}","templated":true}]}}