{"id":13563,"date":"2025-04-01T12:21:08","date_gmt":"2025-04-01T10:21:08","guid":{"rendered":"https:\/\/nitecore.org\/?post_type=product&#038;p=13563"},"modified":"2025-04-01T12:21:08","modified_gmt":"2025-04-01T10:21:08","slug":"linterna-nitecore-descatalogada-mh20gt","status":"publish","type":"product","link":"https:\/\/nitecore.org\/ca\/linternas\/linternas-para-explorar\/linterna-nitecore-descatalogada-mh20gt","title":{"rendered":"Linterna Nitecore descatalogada MH20GT"},"content":{"rendered":"<p>1000 Lumens<\/p>\n<p>Distancia maxima: 362m<\/p>\n<p>Durada de la bateria: 680 horas<\/p>\n<p>inetensidad maxima 33000 cd<\/p>\n<p>Resistencia de impacto: 1,5 metros<\/p>\n<p>Resistencia al agua: 2 metros de profundidad<\/p>\n<p>Puero de carga: Micro-USB (cable incluido)<\/p>","protected":false},"excerpt":{"rendered":"<p><strong data-start=\"60\" data-end=\"79\">Linterna MH20GT<\/strong> \u2013 Compacta, potente y de alto rendimiento. Equipada con un LED de \u00faltima generaci\u00f3n, esta linterna ofrece un haz de luz de largo alcance con una impresionante potencia lum\u00ednica. Su dise\u00f1o ergon\u00f3mico y port\u00e1til la hace ideal para llevar a cualquier parte, siendo perfecta para actividades al aire libre, senderismo, acampadas, emergencias o uso profesional. Adem\u00e1s, cuenta con una bater\u00eda de larga duraci\u00f3n y m\u00faltiples modos de iluminaci\u00f3n para adaptarse a distintas necesidades. Resistente y fiable, la <strong data-start=\"583\" data-end=\"593\" data-is-only-node=\"\">MH20GT<\/strong> es la elecci\u00f3n ideal para quienes buscan iluminaci\u00f3n de calidad en un formato compacto.<\/p>\n<div id=\"gtx-trans\" style=\"position: absolute; left: 784px; top: -3px;\">\n<div class=\"gtx-trans-icon\"><\/div>\n<\/div>","protected":false},"featured_media":13567,"comment_status":"open","ping_status":"closed","template":"","meta":{"site-sidebar-layout":"default","site-content-layout":"","ast-site-content-layout":"default","site-content-style":"default","site-sidebar-style":"default","ast-global-header-display":"","ast-banner-title-visibility":"","ast-main-header-display":"","ast-hfb-above-header-display":"","ast-hfb-below-header-display":"","ast-hfb-mobile-header-display":"","site-post-title":"","ast-breadcrumbs-content":"","ast-featured-img":"","footer-sml-layout":"","ast-disable-related-posts":"","theme-transparent-header-meta":"default","adv-header-id-meta":"","stick-header-meta":"default","header-above-stick-meta":"","header-main-stick-meta":"","header-below-stick-meta":"","astra-migrate-meta-layouts":"set","ast-page-background-enabled":"default","ast-page-background-meta":{"desktop":{"background-color":"var(--ast-global-color-4)","background-image":"","background-repeat":"repeat","background-position":"center center","background-size":"auto","background-attachment":"scroll","background-type":"","background-media":"","overlay-type":"","overlay-color":"","overlay-opacity":"","overlay-gradient":""},"tablet":{"background-color":"","background-image":"","background-repeat":"repeat","background-position":"center center","background-size":"auto","background-attachment":"scroll","background-type":"","background-media":"","overlay-type":"","overlay-color":"","overlay-opacity":"","overlay-gradient":""},"mobile":{"background-color":"","background-image":"","background-repeat":"repeat","background-position":"center center","background-size":"auto","background-attachment":"scroll","background-type":"","background-media":"","overlay-type":"","overlay-color":"","overlay-opacity":"","overlay-gradient":""}},"ast-content-background-meta":{"desktop":{"background-color":"var(--ast-global-color-5)","background-image":"","background-repeat":"repeat","background-position":"center center","background-size":"auto","background-attachment":"scroll","background-type":"","background-media":"","overlay-type":"","overlay-color":"","overlay-opacity":"","overlay-gradient":""},"tablet":{"background-color":"var(--ast-global-color-5)","background-image":"","background-repeat":"repeat","background-position":"center center","background-size":"auto","background-attachment":"scroll","background-type":"","background-media":"","overlay-type":"","overlay-color":"","overlay-opacity":"","overlay-gradient":""},"mobile":{"background-color":"var(--ast-global-color-5)","background-image":"","background-repeat":"repeat","background-position":"center center","background-size":"auto","background-attachment":"scroll","background-type":"","background-media":"","overlay-type":"","overlay-color":"","overlay-opacity":"","overlay-gradient":""}}},"product_brand":[],"product_cat":[536,542,541,539],"product_tag":[],"class_list":{"0":"post-13563","1":"product","2":"type-product","3":"status-publish","4":"has-post-thumbnail","6":"product_cat-linternas","7":"product_cat-linternas-de-camping","8":"product_cat-linternas-de-uso-cotidiano","9":"product_cat-linternas-para-explorar","10":"desktop-align-center","11":"tablet-align-left","12":"mobile-align-left","13":"ast-product-gallery-layout-vertical","14":"ast-product-tabs-layout-horizontal","15":"ast-qv-on-image","17":"first","18":"instock","19":"sale","20":"shipping-taxable","21":"purchasable","22":"product-type-simple"},"acf":[],"gallery_images":[13567],"_links":{"self":[{"href":"https:\/\/nitecore.org\/ca\/wp-json\/wp\/v2\/product\/13563","targetHints":{"allow":["GET"]}}],"collection":[{"href":"https:\/\/nitecore.org\/ca\/wp-json\/wp\/v2\/product"}],"about":[{"href":"https:\/\/nitecore.org\/ca\/wp-json\/wp\/v2\/types\/product"}],"replies":[{"embeddable":true,"href":"https:\/\/nitecore.org\/ca\/wp-json\/wp\/v2\/comments?post=13563"}],"version-history":[{"count":0,"href":"https:\/\/nitecore.org\/ca\/wp-json\/wp\/v2\/product\/13563\/revisions"}],"wp:featuredmedia":[{"embeddable":true,"href":"https:\/\/nitecore.org\/ca\/wp-json\/wp\/v2\/media\/13567"}],"wp:attachment":[{"href":"https:\/\/nitecore.org\/ca\/wp-json\/wp\/v2\/media?parent=13563"}],"wp:term":[{"taxonomy":"product_brand","embeddable":true,"href":"https:\/\/nitecore.org\/ca\/wp-json\/wp\/v2\/product_brand?post=13563"},{"taxonomy":"product_cat","embeddable":true,"href":"https:\/\/nitecore.org\/ca\/wp-json\/wp\/v2\/product_cat?post=13563"},{"taxonomy":"product_tag","embeddable":true,"href":"https:\/\/nitecore.org\/ca\/wp-json\/wp\/v2\/product_tag?post=13563"}],"curies":[{"name":"wp","href":"https:\/\/api.w.org\/{rel}","templated":true}]}}