{"id":5996,"date":"2023-03-22T11:53:21","date_gmt":"2023-03-22T10:53:21","guid":{"rendered":"https:\/\/nitecore.org\/blog\/?page_id=5996"},"modified":"2024-09-23T12:45:07","modified_gmt":"2024-09-23T10:45:07","slug":"condicions-de-venda-nou","status":"publish","type":"page","link":"https:\/\/nitecore.org\/ca\/condiciones-de-venta","title":{"rendered":"CONDICIONS DE VENDA"},"content":{"rendered":"<div data-elementor-type=\"wp-page\" data-elementor-id=\"5996\" class=\"elementor elementor-5996\" data-elementor-post-type=\"page\">\n\t\t\t\t\t\t<section class=\"elementor-section elementor-top-section elementor-element elementor-element-53bacef elementor-section-boxed elementor-section-height-default elementor-section-height-default\" data-id=\"53bacef\" data-element_type=\"section\">\n\t\t\t\t\t\t<div class=\"elementor-container elementor-column-gap-default\">\n\t\t\t\t\t<div class=\"elementor-column elementor-col-100 elementor-top-column elementor-element elementor-element-b416cb9\" data-id=\"b416cb9\" data-element_type=\"column\">\n\t\t\t<div class=\"elementor-widget-wrap elementor-element-populated\">\n\t\t\t\t\t\t<div class=\"elementor-element elementor-element-76a510b elementor-widget elementor-widget-heading\" data-id=\"76a510b\" data-element_type=\"widget\" data-widget_type=\"heading.default\">\n\t\t\t\t<div class=\"elementor-widget-container\">\n\t\t\t\t\t<h1 class=\"elementor-heading-title elementor-size-default\">CONDICIONS DE VENDA\n<\/h1>\t\t\t\t<\/div>\n\t\t\t\t<\/div>\n\t\t\t\t<div class=\"elementor-element elementor-element-b7c2b98 elementor-widget elementor-widget-text-editor\" data-id=\"b7c2b98\" data-element_type=\"widget\" data-widget_type=\"text-editor.default\">\n\t\t\t\t<div class=\"elementor-widget-container\">\n\t\t\t\t\t\t\t\t\t<p>Condicions generals de venda de\u00a0<b>nitecore.org<\/b><\/p><p>La interpretaci\u00f3 i l&#039;execuci\u00f3 de les condicions, aix\u00ed com tots els actes que se&#039;n siguin conseq\u00fc\u00e8ncia, quedaran sotmesos al dret de les lleis del Principat d&#039;Andorra.<\/p>\t\t\t\t\t\t\t\t<\/div>\n\t\t\t\t<\/div>\n\t\t\t\t\t<\/div>\n\t\t<\/div>\n\t\t\t\t\t<\/div>\n\t\t<\/section>\n\t\t\t\t<section class=\"elementor-section elementor-top-section elementor-element elementor-element-5e8f9df elementor-section-boxed elementor-section-height-default elementor-section-height-default\" data-id=\"5e8f9df\" data-element_type=\"section\">\n\t\t\t\t\t\t<div class=\"elementor-container elementor-column-gap-default\">\n\t\t\t\t\t<div class=\"elementor-column elementor-col-100 elementor-top-column elementor-element elementor-element-a00ac5d\" data-id=\"a00ac5d\" data-element_type=\"column\">\n\t\t\t<div class=\"elementor-widget-wrap elementor-element-populated\">\n\t\t\t\t\t\t<div class=\"elementor-element elementor-element-6450f02 elementor-widget elementor-widget-accordion\" data-id=\"6450f02\" data-element_type=\"widget\" data-widget_type=\"accordion.default\">\n\t\t\t\t<div class=\"elementor-widget-container\">\n\t\t\t\t\t\t\t<div class=\"elementor-accordion\">\n\t\t\t\t\t\t\t<div class=\"elementor-accordion-item\">\n\t\t\t\t\t<div id=\"elementor-tab-title-1051\" class=\"elementor-tab-title\" data-tab=\"1\" role=\"button\" aria-controls=\"elementor-tab-content-1051\" aria-expanded=\"false\">\n\t\t\t\t\t\t\t\t\t\t\t\t\t<span class=\"elementor-accordion-icon elementor-accordion-icon-left\" aria-hidden=\"true\">\n\t\t\t\t\t\t\t\t\t\t\t\t\t\t\t<span class=\"elementor-accordion-icon-closed\"><i class=\"fas fa-plus\"><\/i><\/span>\n\t\t\t\t\t\t\t\t<span class=\"elementor-accordion-icon-opened\"><i class=\"fas fa-minus\"><\/i><\/span>\n\t\t\t\t\t\t\t\t\t\t\t\t\t\t<\/span>\n\t\t\t\t\t\t\t\t\t\t\t\t<a class=\"elementor-accordion-title\" tabindex=\"0\">1. GENERALS:<\/a>\n\t\t\t\t\t<\/div>\n\t\t\t\t\t<div id=\"elementor-tab-content-1051\" class=\"elementor-tab-content elementor-clearfix\" data-tab=\"1\" role=\"region\" aria-labelledby=\"elementor-tab-title-1051\"><p>Aquestes condicions generals de venda s&#039;apliquen estrictament a totes les vendes de productes efectuades per internet.<\/p><p>Tota comanda feta <b>nitecore.org<\/b> implica necess\u00e0riament a t\u00edtol de condici\u00f3 essencial, determinant i imprescindible, l&#039;acceptaci\u00f3 sense reserves pel Client de les Condicions Generals de Venda de <b>nitecore.org<\/b><b>\u00a0<\/b>vigents el dia que es dugui a terme la comanda corresponent. A m\u00e9s, el Client reconeix que l&#039;acceptaci\u00f3 de les presents condicions implicar\u00e0 l&#039;aplicaci\u00f3 d&#039;aquestes a la comanda a qu\u00e8 es refereixen, aix\u00ed com a tota comanda posterior, a excepci\u00f3 dels casos en qu\u00e8 noves condicions siguin posades en el seu coneixement per <b>nitecore.org<\/b>. El fet que <b>nitecore.org<\/b>\u00a0no recorri en un moment donat a qualsevol de les presents condicions no pot ser interpretat ni equivaldr\u00e0 a renunciar a rec\u00f3rrer-hi en el futur o en el passat.<\/p><p>Llei aplicable i jurisdicci\u00f3 competent.<\/p><\/div>\n\t\t\t\t<\/div>\n\t\t\t\t\t\t\t<div class=\"elementor-accordion-item\">\n\t\t\t\t\t<div id=\"elementor-tab-title-1052\" class=\"elementor-tab-title\" data-tab=\"2\" role=\"button\" aria-controls=\"elementor-tab-content-1052\" aria-expanded=\"false\">\n\t\t\t\t\t\t\t\t\t\t\t\t\t<span class=\"elementor-accordion-icon elementor-accordion-icon-left\" aria-hidden=\"true\">\n\t\t\t\t\t\t\t\t\t\t\t\t\t\t\t<span class=\"elementor-accordion-icon-closed\"><i class=\"fas fa-plus\"><\/i><\/span>\n\t\t\t\t\t\t\t\t<span class=\"elementor-accordion-icon-opened\"><i class=\"fas fa-minus\"><\/i><\/span>\n\t\t\t\t\t\t\t\t\t\t\t\t\t\t<\/span>\n\t\t\t\t\t\t\t\t\t\t\t\t<a class=\"elementor-accordion-title\" tabindex=\"0\">2. PREUS:<\/a>\n\t\t\t\t\t<\/div>\n\t\t\t\t\t<div id=\"elementor-tab-content-1052\" class=\"elementor-tab-content elementor-clearfix\" data-tab=\"2\" role=\"region\" aria-labelledby=\"elementor-tab-title-1052\"><p>Els preus publicats a <b>nitecore.org<\/b> s\u00f3n a Euros i s\u00f3n vigents excepte error tipogr\u00e0fic. Tots els preus porten l&#039;impost indirecte incl\u00f2s aplicable el dia de la comanda, qualsevol canvi de taxa d&#039;impost indirecte ser\u00e0 aplicat autom\u00e0ticament als preus dels productes en venda a <b>nitecore.org<\/b>.<\/p><\/div>\n\t\t\t\t<\/div>\n\t\t\t\t\t\t\t<div class=\"elementor-accordion-item\">\n\t\t\t\t\t<div id=\"elementor-tab-title-1053\" class=\"elementor-tab-title\" data-tab=\"3\" role=\"button\" aria-controls=\"elementor-tab-content-1053\" aria-expanded=\"false\">\n\t\t\t\t\t\t\t\t\t\t\t\t\t<span class=\"elementor-accordion-icon elementor-accordion-icon-left\" aria-hidden=\"true\">\n\t\t\t\t\t\t\t\t\t\t\t\t\t\t\t<span class=\"elementor-accordion-icon-closed\"><i class=\"fas fa-plus\"><\/i><\/span>\n\t\t\t\t\t\t\t\t<span class=\"elementor-accordion-icon-opened\"><i class=\"fas fa-minus\"><\/i><\/span>\n\t\t\t\t\t\t\t\t\t\t\t\t\t\t<\/span>\n\t\t\t\t\t\t\t\t\t\t\t\t<a class=\"elementor-accordion-title\" tabindex=\"0\">3. DIFERENTS MODES DE PAGAMENT:<\/a>\n\t\t\t\t\t<\/div>\n\t\t\t\t\t<div id=\"elementor-tab-content-1053\" class=\"elementor-tab-content elementor-clearfix\" data-tab=\"3\" role=\"region\" aria-labelledby=\"elementor-tab-title-1053\"><p>En formular la comanda, el client pot triar lliurement abonar les compres que faci a <b>nitecore.org<\/b><b>\u00a0<\/b>mitjan\u00e7ant:<\/p><p>Targeta de cr\u00e8dit<\/p><p>Contra reemborsament<\/p><\/div>\n\t\t\t\t<\/div>\n\t\t\t\t\t\t\t<div class=\"elementor-accordion-item\">\n\t\t\t\t\t<div id=\"elementor-tab-title-1054\" class=\"elementor-tab-title\" data-tab=\"4\" role=\"button\" aria-controls=\"elementor-tab-content-1054\" aria-expanded=\"false\">\n\t\t\t\t\t\t\t\t\t\t\t\t\t<span class=\"elementor-accordion-icon elementor-accordion-icon-left\" aria-hidden=\"true\">\n\t\t\t\t\t\t\t\t\t\t\t\t\t\t\t<span class=\"elementor-accordion-icon-closed\"><i class=\"fas fa-plus\"><\/i><\/span>\n\t\t\t\t\t\t\t\t<span class=\"elementor-accordion-icon-opened\"><i class=\"fas fa-minus\"><\/i><\/span>\n\t\t\t\t\t\t\t\t\t\t\t\t\t\t<\/span>\n\t\t\t\t\t\t\t\t\t\t\t\t<a class=\"elementor-accordion-title\" tabindex=\"0\">4. PRODUCTE:<\/a>\n\t\t\t\t\t<\/div>\n\t\t\t\t\t<div id=\"elementor-tab-content-1054\" class=\"elementor-tab-content elementor-clearfix\" data-tab=\"4\" role=\"region\" aria-labelledby=\"elementor-tab-title-1054\"><p>Les ofertes presentades per <b>nitecore.org<\/b> s\u00f3n v\u00e0lides dins del l\u00edmit de les exist\u00e8ncies disponibles. <b>nitecore.org<\/b>\u00a0es reserva el dret de modificar l&#039;assortiment de productes en funci\u00f3 de les dificultats imposades pels prove\u00efdors. Igualment, t\u00e9 la potestat de canviar qualsevol producte del qual no disposi en estoc, per un altre substitutiu de la mateixa qualitat i sense que aix\u00f2 suposi un increment en el preu.<\/p><p>Las fotograf\u00edas, grafismos y las descripciones de los productos propuestos a la venta solo son orientativos y no comprometen de ninguna manera al vendedor <b>nitecore.org<\/b>.<\/p><\/div>\n\t\t\t\t<\/div>\n\t\t\t\t\t\t\t<div class=\"elementor-accordion-item\">\n\t\t\t\t\t<div id=\"elementor-tab-title-1055\" class=\"elementor-tab-title\" data-tab=\"5\" role=\"button\" aria-controls=\"elementor-tab-content-1055\" aria-expanded=\"false\">\n\t\t\t\t\t\t\t\t\t\t\t\t\t<span class=\"elementor-accordion-icon elementor-accordion-icon-left\" aria-hidden=\"true\">\n\t\t\t\t\t\t\t\t\t\t\t\t\t\t\t<span class=\"elementor-accordion-icon-closed\"><i class=\"fas fa-plus\"><\/i><\/span>\n\t\t\t\t\t\t\t\t<span class=\"elementor-accordion-icon-opened\"><i class=\"fas fa-minus\"><\/i><\/span>\n\t\t\t\t\t\t\t\t\t\t\t\t\t\t<\/span>\n\t\t\t\t\t\t\t\t\t\t\t\t<a class=\"elementor-accordion-title\" tabindex=\"0\">5. ENVIAMENTS:<\/a>\n\t\t\t\t\t<\/div>\n\t\t\t\t\t<div id=\"elementor-tab-content-1055\" class=\"elementor-tab-content elementor-clearfix\" data-tab=\"5\" role=\"region\" aria-labelledby=\"elementor-tab-title-1055\"><p>Els productes adquirits es lliuraran a la persona ia l&#039;adre\u00e7a indicada a la comanda.<\/p><p>Per defecte, els lliuraments pro-forma s&#039;enviaran a l&#039;adre\u00e7a electr\u00f2nica indicada pel client a l&#039;hora de la seva alta a <b>nitecore.org<\/b>.<\/p><p>Els dissabtes, diumenges i festes no hi haur\u00e0 ni sortida ni entrega de comandes.<\/p><p>No obstant aix\u00f2, la seva demora no implicar\u00e0 ni anul\u00b7laci\u00f3 de la comanda ni cap indemnitzaci\u00f3.<\/p><p>Una comanda es considera lliurada en el moment en qu\u00e8 el transportista lliura el paquet o els paquets al client i aquest signa el document de recepci\u00f3 de lliurament. Correspon al client verificar l&#039;estat de la mercaderia a la recepci\u00f3 i indicar totes les anomalies a l&#039;albar\u00e0 de recepci\u00f3 de lliurament.<\/p><\/div>\n\t\t\t\t<\/div>\n\t\t\t\t\t\t\t<div class=\"elementor-accordion-item\">\n\t\t\t\t\t<div id=\"elementor-tab-title-1056\" class=\"elementor-tab-title\" data-tab=\"6\" role=\"button\" aria-controls=\"elementor-tab-content-1056\" aria-expanded=\"false\">\n\t\t\t\t\t\t\t\t\t\t\t\t\t<span class=\"elementor-accordion-icon elementor-accordion-icon-left\" aria-hidden=\"true\">\n\t\t\t\t\t\t\t\t\t\t\t\t\t\t\t<span class=\"elementor-accordion-icon-closed\"><i class=\"fas fa-plus\"><\/i><\/span>\n\t\t\t\t\t\t\t\t<span class=\"elementor-accordion-icon-opened\"><i class=\"fas fa-minus\"><\/i><\/span>\n\t\t\t\t\t\t\t\t\t\t\t\t\t\t<\/span>\n\t\t\t\t\t\t\t\t\t\t\t\t<a class=\"elementor-accordion-title\" tabindex=\"0\">6. POL\u00cdTIQUES DE DEVOLUCIONS I ANUL\u00b7LACIONS:<\/a>\n\t\t\t\t\t<\/div>\n\t\t\t\t\t<div id=\"elementor-tab-content-1056\" class=\"elementor-tab-content elementor-clearfix\" data-tab=\"6\" role=\"region\" aria-labelledby=\"elementor-tab-title-1056\"><p>Hi ha un servei postvenda per resoldre els problemes relacionats amb els productes i els enviaments. Els clients poden contactar escrivint a l&#039;adre\u00e7a de correu electr\u00f2nic <b>nitecore<\/b><b>@<\/b><strong>gmail.com<\/strong><\/p><\/div>\n\t\t\t\t<\/div>\n\t\t\t\t\t\t\t<div class=\"elementor-accordion-item\">\n\t\t\t\t\t<div id=\"elementor-tab-title-1057\" class=\"elementor-tab-title\" data-tab=\"7\" role=\"button\" aria-controls=\"elementor-tab-content-1057\" aria-expanded=\"false\">\n\t\t\t\t\t\t\t\t\t\t\t\t\t<span class=\"elementor-accordion-icon elementor-accordion-icon-left\" aria-hidden=\"true\">\n\t\t\t\t\t\t\t\t\t\t\t\t\t\t\t<span class=\"elementor-accordion-icon-closed\"><i class=\"fas fa-plus\"><\/i><\/span>\n\t\t\t\t\t\t\t\t<span class=\"elementor-accordion-icon-opened\"><i class=\"fas fa-minus\"><\/i><\/span>\n\t\t\t\t\t\t\t\t\t\t\t\t\t\t<\/span>\n\t\t\t\t\t\t\t\t\t\t\t\t<a class=\"elementor-accordion-title\" tabindex=\"0\">6.1 Devoluci\u00f3 de mercaderia:<\/a>\n\t\t\t\t\t<\/div>\n\t\t\t\t\t<div id=\"elementor-tab-content-1057\" class=\"elementor-tab-content elementor-clearfix\" data-tab=\"7\" role=\"region\" aria-labelledby=\"elementor-tab-title-1057\"><p><b>IMPORTANT:<\/b> No s&#039;accepten devolucions pel tipus de producte, ia <b>el cas de rebre aquest en mal estat<\/b>, haur\u00e0 d&#039;informar-nos dins del <b>termini de les 24h seg\u00fcents al lliurament del producte<\/b>, del deteriorament, o trencament de l&#039;enviament per causes originades pel transport mitjan\u00e7ant formulari de contacte o correu electr\u00f2nic dins aquest termini i tamb\u00e9 a la companyia de transports utilitzada per al lliurament. Fora d&#039;aquest termini, l&#039;asseguran\u00e7a mediadora no es fa responsable dels danys ocasionats per aquest. Preguem <b>inspeccioneu el producte el mateix dia del lliurament<\/b> para evitar complicaciones en una posible reclamaci\u00f3n.<br \/>En el caso de su uso, El Mayorista vs Fabricante <b>no ofereix cap tipus de garantia passat el per\u00edode de 15 dies<\/b> despr\u00e9s del lliurament.<\/p><p>Qualsevol article comprat a <b>nitecore.org<\/b>, ha de ser retornat al seu embalatge original, precintat, en perfectes condicions i amb una c\u00f2pia de l&#039;albar\u00e0 de lliurament perqu\u00e8 s&#039;accepti la devoluci\u00f3.<\/p><p>Antes de realizar la devoluci\u00f3n del producto, el cliente tendr\u00e1 que comunicarlo al departamento de Atenci\u00f3n al cliente de <b>nitecore<\/b>.<\/p><p>Un cop rebut el producte a Andorra, aquest ser\u00e0 lliurat al Departament de Qualitat per analitzar l&#039;estat del producte i el tipus de manipulaci\u00f3 que ha tingut el client abans de qualsevol tipus de Devoluci\u00f3.<\/p><p>Si la causa de la devoluci\u00f3 \u00e9s que l&#039;article retornat \u00e9s defectu\u00f3s o no correspon al que sol\u00b7licita la comanda, <b>nitecore.org<\/b>\u00a0correr\u00e0 amb les despeses de la devoluci\u00f3 i nova tramesa. Si el motiu de la devoluci\u00f3 \u00e9s que la comanda no us satisf\u00e0, us reemborsarem l&#039;import per\u00f2 no les despeses d&#039;enviament ni les despeses de devoluci\u00f3.<\/p><\/div>\n\t\t\t\t<\/div>\n\t\t\t\t\t\t\t<div class=\"elementor-accordion-item\">\n\t\t\t\t\t<div id=\"elementor-tab-title-1058\" class=\"elementor-tab-title\" data-tab=\"8\" role=\"button\" aria-controls=\"elementor-tab-content-1058\" aria-expanded=\"false\">\n\t\t\t\t\t\t\t\t\t\t\t\t\t<span class=\"elementor-accordion-icon elementor-accordion-icon-left\" aria-hidden=\"true\">\n\t\t\t\t\t\t\t\t\t\t\t\t\t\t\t<span class=\"elementor-accordion-icon-closed\"><i class=\"fas fa-plus\"><\/i><\/span>\n\t\t\t\t\t\t\t\t<span class=\"elementor-accordion-icon-opened\"><i class=\"fas fa-minus\"><\/i><\/span>\n\t\t\t\t\t\t\t\t\t\t\t\t\t\t<\/span>\n\t\t\t\t\t\t\t\t\t\t\t\t<a class=\"elementor-accordion-title\" tabindex=\"0\">6.2 Anul\u00b7laci\u00f3 de comanda:<\/a>\n\t\t\t\t\t<\/div>\n\t\t\t\t\t<div id=\"elementor-tab-content-1058\" class=\"elementor-tab-content elementor-clearfix\" data-tab=\"8\" role=\"region\" aria-labelledby=\"elementor-tab-title-1058\"><p>Si l&#039;anul\u00b7laci\u00f3 de la comanda arriba abans de la sortida de mercaderia, el client no tindr\u00e0 cap despesa, excepte els interessos ocasionats pel banc de l&#039;1,5%. En el cas d&#039;una anul\u00b7laci\u00f3 despr\u00e9s de la sortida de la comanda, el client tindr\u00e0 a c\u00e0rrec seu les despeses d&#039;enviament complets aix\u00ed com les despeses de devoluci\u00f3 d&#039;aquesta comanda.<\/p><\/div>\n\t\t\t\t<\/div>\n\t\t\t\t\t\t\t<div class=\"elementor-accordion-item\">\n\t\t\t\t\t<div id=\"elementor-tab-title-1059\" class=\"elementor-tab-title\" data-tab=\"9\" role=\"button\" aria-controls=\"elementor-tab-content-1059\" aria-expanded=\"false\">\n\t\t\t\t\t\t\t\t\t\t\t\t\t<span class=\"elementor-accordion-icon elementor-accordion-icon-left\" aria-hidden=\"true\">\n\t\t\t\t\t\t\t\t\t\t\t\t\t\t\t<span class=\"elementor-accordion-icon-closed\"><i class=\"fas fa-plus\"><\/i><\/span>\n\t\t\t\t\t\t\t\t<span class=\"elementor-accordion-icon-opened\"><i class=\"fas fa-minus\"><\/i><\/span>\n\t\t\t\t\t\t\t\t\t\t\t\t\t\t<\/span>\n\t\t\t\t\t\t\t\t\t\t\t\t<a class=\"elementor-accordion-title\" tabindex=\"0\">7. Els termes i condicions<\/a>\n\t\t\t\t\t<\/div>\n\t\t\t\t\t<div id=\"elementor-tab-content-1059\" class=\"elementor-tab-content elementor-clearfix\" data-tab=\"9\" role=\"region\" aria-labelledby=\"elementor-tab-title-1059\"><p>Els termes i les condicions d&#039;\u00fas d&#039;aquest lloc web estan subjectes a la jurisdicci\u00f3 dels tribunals del Principat d&#039;Andorra.<\/p><\/div>\n\t\t\t\t<\/div>\n\t\t\t\t\t\t\t\t<\/div>\n\t\t\t\t\t\t<\/div>\n\t\t\t\t<\/div>\n\t\t\t\t\t<\/div>\n\t\t<\/div>\n\t\t\t\t\t<\/div>\n\t\t<\/section>\n\t\t\t\t<\/div>","protected":false},"excerpt":{"rendered":"<p>CONDICIONES DE VENTA Condiciones generales de venta de\u00a0nitecore.org La interpretaci\u00f3n y la ejecuci\u00f3n de las condiciones, as\u00ed como todos los actos que se sean consecuencia de ellas, quedar\u00e1n sometidos al derecho de la leyes del Principado de Andorra. 1. GENERALES: Las presentes condiciones generales de venta se aplican estrictamente a todas las ventas de productos [&hellip;]<\/p>","protected":false},"author":1,"featured_media":0,"parent":0,"menu_order":0,"comment_status":"closed","ping_status":"closed","template":"elementor_header_footer","meta":{"site-sidebar-layout":"default","site-content-layout":"","ast-site-content-layout":"default","site-content-style":"default","site-sidebar-style":"default","ast-global-header-display":"","ast-banner-title-visibility":"","ast-main-header-display":"","ast-hfb-above-header-display":"","ast-hfb-below-header-display":"","ast-hfb-mobile-header-display":"","site-post-title":"","ast-breadcrumbs-content":"","ast-featured-img":"","footer-sml-layout":"","ast-disable-related-posts":"","theme-transparent-header-meta":"default","adv-header-id-meta":"","stick-header-meta":"default","header-above-stick-meta":"","header-main-stick-meta":"","header-below-stick-meta":"","astra-migrate-meta-layouts":"set","ast-page-background-enabled":"default","ast-page-background-meta":{"desktop":{"background-color":"var(--ast-global-color-4)","background-image":"","background-repeat":"repeat","background-position":"center center","background-size":"auto","background-attachment":"scroll","background-type":"","background-media":"","overlay-type":"","overlay-color":"","overlay-opacity":"","overlay-gradient":""},"tablet":{"background-color":"","background-image":"","background-repeat":"repeat","background-position":"center center","background-size":"auto","background-attachment":"scroll","background-type":"","background-media":"","overlay-type":"","overlay-color":"","overlay-opacity":"","overlay-gradient":""},"mobile":{"background-color":"","background-image":"","background-repeat":"repeat","background-position":"center center","background-size":"auto","background-attachment":"scroll","background-type":"","background-media":"","overlay-type":"","overlay-color":"","overlay-opacity":"","overlay-gradient":""}},"ast-content-background-meta":{"desktop":{"background-color":"var(--ast-global-color-5)","background-image":"","background-repeat":"repeat","background-position":"center center","background-size":"auto","background-attachment":"scroll","background-type":"","background-media":"","overlay-type":"","overlay-color":"","overlay-opacity":"","overlay-gradient":""},"tablet":{"background-color":"var(--ast-global-color-5)","background-image":"","background-repeat":"repeat","background-position":"center center","background-size":"auto","background-attachment":"scroll","background-type":"","background-media":"","overlay-type":"","overlay-color":"","overlay-opacity":"","overlay-gradient":""},"mobile":{"background-color":"var(--ast-global-color-5)","background-image":"","background-repeat":"repeat","background-position":"center center","background-size":"auto","background-attachment":"scroll","background-type":"","background-media":"","overlay-type":"","overlay-color":"","overlay-opacity":"","overlay-gradient":""}},"footnotes":""},"class_list":["post-5996","page","type-page","status-publish","hentry"],"acf":[],"_links":{"self":[{"href":"https:\/\/nitecore.org\/ca\/wp-json\/wp\/v2\/pages\/5996","targetHints":{"allow":["GET"]}}],"collection":[{"href":"https:\/\/nitecore.org\/ca\/wp-json\/wp\/v2\/pages"}],"about":[{"href":"https:\/\/nitecore.org\/ca\/wp-json\/wp\/v2\/types\/page"}],"author":[{"embeddable":true,"href":"https:\/\/nitecore.org\/ca\/wp-json\/wp\/v2\/users\/1"}],"replies":[{"embeddable":true,"href":"https:\/\/nitecore.org\/ca\/wp-json\/wp\/v2\/comments?post=5996"}],"version-history":[{"count":0,"href":"https:\/\/nitecore.org\/ca\/wp-json\/wp\/v2\/pages\/5996\/revisions"}],"wp:attachment":[{"href":"https:\/\/nitecore.org\/ca\/wp-json\/wp\/v2\/media?parent=5996"}],"curies":[{"name":"wp","href":"https:\/\/api.w.org\/{rel}","templated":true}]}}